{"id":1459,"date":"2026-02-03T12:54:09","date_gmt":"2026-02-03T12:54:09","guid":{"rendered":"https:\/\/ringospincasino.net\/login-and-registration\/"},"modified":"2026-02-03T15:16:40","modified_gmt":"2026-02-03T15:16:40","slug":"logowanie-i-rejestracja","status":"publish","type":"page","link":"https:\/\/ringospincasino.net\/pl\/logowanie-i-rejestracja\/","title":{"rendered":"Logowanie i rejestracja"},"content":{"rendered":"<h1>Logowanie i rejestracja konta Ringospin<\/h1>\n<p>Ringospin login zapewnia zarejestrowanym u\u017cytkownikom bezpieczny dost\u0119p do wszystkich funkcji kasyna. Z kasyna mog\u0105 korzysta\u0107 wy\u0142\u0105cznie uprawnieni gracze z Polski. System logowania i rejestracji zosta\u0142 zaprojektowany tak, aby zapewni\u0107 bezpieczny dost\u0119p do konta na wszystkich urz\u0105dzeniach.<\/p>\n<p><div class=\"banner-wrap\" aria-label=\"Banner\"><img src=\"https:\/\/ringospincasino.net\/wp-content\/uploads\/2026\/02\/Ringospin-banner-carousel-932\u0445400-4.webp\" class=\"w-100 d-none d-lg-block img-pc main-banner-img\" alt=\"Ringospin banner desktop\" fetchpriority=\"high\" decoding=\"async\"><img src=\"https:\/\/ringospincasino.net\/wp-content\/uploads\/2026\/02\/Mobile-banner.webp\" class=\"w-100 d-none d-md-block d-lg-none main-banner-img\" alt=\"Ringospin mobile banner\" fetchpriority=\"high\" decoding=\"async\"><img src=\"https:\/\/ringospincasino.net\/wp-content\/uploads\/2026\/02\/Mobile-banner.webp\" class=\"w-100 d-md-none\" alt=\"Ringospin mobile banner\" fetchpriority=\"high\" decoding=\"async\"><div class=\"banner-description\">\n<div class=\"banner-title\">Bonusy powitalne<\/div>\n<p class=\"banner-header-title\">1500 \u20ac<\/p>\n<div class=\"banner-header-AdditionalText\">+ 250 Darmowe spiny<\/div>\n<button data-item=\"homepage_banner_link\" class=\"goto m-button m-gradient-border m-button--primary m-button--large banner-button btn-orange\">\n            <div class=\"m-button-content\">\n                <span>Zarejestruj si\u0119 teraz<\/span>\n                <span><\/span>\n            <\/div>\n        <\/button>\n<\/div>\n<div class=\"WelcomePack\">\n<p><img loading=\"lazy\" decoding=\"async\" class=\"alignnone size-full wp-image-1335\" src=\"https:\/\/ringospincasino.net\/wp-content\/uploads\/2026\/02\/welcome-crown.png\" alt=\"welcome crown\" width=\"25\" height=\"26\" \/><\/p>\n<div class=\"WelcomePack-Info\">Cotygodniowy zwrot got\u00f3wki do 25%<\/div>\n<p><img loading=\"lazy\" decoding=\"async\" class=\"alignnone size-full wp-image-1335\" src=\"https:\/\/ringospincasino.net\/wp-content\/uploads\/2026\/02\/welcome-crown.png\" alt=\"welcome crown\" width=\"25\" height=\"26\" \/><\/p>\n<\/div>\n<\/div><div class=\"scrollable-content-wrap my-5\"><div class=\"scrollable-content-inner\"><h2>Rejestracja nowego u\u017cytkownika w Ringo spin<\/h2>\n<p>Po rejestracji gracze uzyskuj\u0105 dost\u0119p do wszystkich funkcji kasyna Ringospin. Zarejestrowani u\u017cytkownicy mog\u0105 gra\u0107 w gry kasynowe, otrzymywa\u0107 bonusy, bra\u0107 udzia\u0142 w turniejach oraz zarz\u0105dza\u0107 wp\u0142atami i wyp\u0142atami. Gracze mog\u0105 r\u00f3wnie\u017c do\u0142\u0105cza\u0107 do sto\u0142\u00f3w z krupierami na \u017cywo, gier b\u0142yskawicznych i narz\u0119dzi odpowiedzialnej gry. Wszystkie zarejestrowane konta dzia\u0142aj\u0105 w licencjonowanym \u015brodowisku. Rejestracja jest wymagana zar\u00f3wno w trybie demo, jak i w grze na prawdziwe pieni\u0105dze.<\/p>\n<h3>Utw\u00f3rz swoje konto<\/h3>\n<p>Aby zarejestrowa\u0107 konto w Ringo Spin:<\/p>\n<ol>\n<li>Kliknij przycisk \u201eZarejestruj si\u0119\u201d na stronie g\u0142\u00f3wnej kasyna Ringospin.<\/li>\n<li>Wprowad\u017a sw\u00f3j prawid\u0142owy adres e-mail i utw\u00f3rz bezpieczne has\u0142o.<\/li>\n<li>Wprowad\u017a kod promocyjny, je\u015bli go posiadasz.<\/li>\n<li>Zaakceptuj Warunki u\u017cytkowania, Polityk\u0119 prywatno\u015bci i potwierd\u017a, \u017ce masz uko\u0144czone 18 lat.<\/li>\n<li>Aktywuj swoje konto, korzystaj\u0105c z linku wys\u0142anego na Tw\u00f3j adres e-mail.<\/li>\n<\/ol>\n<h2>Korzystanie z konta Ringospin<\/h2>\n<p>Po zako\u0144czeniu procesu logowania do Ringospin gracze mog\u0105 gra\u0107 w gry, zarz\u0105dza\u0107 ustawieniami konta, dokonywa\u0107 wp\u0142at, zleca\u0107 wyp\u0142aty, otrzymywa\u0107 bonusy, zarz\u0105dza\u0107 narz\u0119dziami odpowiedzialnej gry i \u015bledzi\u0107 swoj\u0105 aktywno\u015b\u0107. System autoryzacji dzia\u0142a na komputerach stacjonarnych i urz\u0105dzeniach mobilnych.<\/p>\n<p>Jak zalogowa\u0107 si\u0119 na swoje konto:<\/p>\n<ol>\n<li>Kliknij przycisk \u201eZaloguj si\u0119\u201d na stronie internetowej Ringo Spin.<\/li>\n<li>Wprowad\u017a adres e-mail powi\u0105zany z kontem.<\/li>\n<li>Wprowad\u017a swoje has\u0142o.<\/li>\n<li>Kliknij \u201eZaloguj si\u0119\u201d, aby uzyska\u0107 dost\u0119p do swojego konta.<\/li>\n<\/ol>\n<h3>Nie pami\u0119tasz has\u0142a?<\/h3>\n<p>Czasami u\u017cytkownicy mog\u0105 zgubi\u0107 swoje has\u0142a lub dane logowania do Ringospin. Odzyskanie dost\u0119pu do konta jest bardzo proste.<\/p>\n<p>Aby zresetowa\u0107 has\u0142o:<\/p>\n<ol>\n<li>Wybierz opcj\u0119 \u201eNie pami\u0119tasz has\u0142a?\u201d.<\/li>\n<li>Wprowad\u017a adres e-mail powi\u0105zany z kontem.<\/li>\n<li>Otw\u00f3rz wiadomo\u015b\u0107 e-mail dotycz\u0105c\u0105 resetowania has\u0142a i kliknij link.<\/li>\n<li>Ustaw nowe has\u0142o.<\/li>\n<\/ol>\n<h3>Weryfikacja konta i bezpiecze\u0144stwo w kasynie Ringospin<\/h3>\n<p>Proces weryfikacji w kasynie Ringo Spin jest wa\u017cnym elementem ochrony platformy i bezpiecze\u0144stwa graczy. Weryfikujemy to\u017csamo\u015b\u0107, adres i dane p\u0142atnicze ka\u017cdego gracza, aby zapobiec oszustwom i nieautoryzowanemu dost\u0119powi. Proces ten jest zgodny z wymogami licencyjnymi. Tylko zweryfikowane konta maj\u0105 dost\u0119p do wyp\u0142at i bonus\u00f3w.<\/p>\n<p>Aby zako\u0144czy\u0107 proces weryfikacji, gracze musz\u0105 przes\u0142a\u0107 wyra\u017ane kopie swoich dokument\u00f3w. W celu weryfikacji nale\u017cy przes\u0142a\u0107 niekt\u00f3re z nast\u0119puj\u0105cych dokument\u00f3w: paszport, dow\u00f3d osobisty, prawo jazdy, dokumenty bankowe, potwierdzenie adresu zamieszkania. Nasz zesp\u00f3\u0142 weryfikacyjny dok\u0142adnie sprawdza wszystkie przes\u0142ane dokumenty, zazwyczaj w ci\u0105gu 48 godzin. Weryfikacja pomaga chroni\u0107 dane osobowe graczy i zapewnia bezpieczn\u0105 procedur\u0119 logowania do Ringospin.<\/p>\n<h2>FAQ<\/h2>\n<h3>Jakie informacje s\u0105 wymagane do zako\u0144czenia rejestracji w Ringospin?<\/h3>\n<p>Aby zako\u0144czy\u0107 rejestracj\u0119 w Ringospin, nale\u017cy poda\u0107 kilka podstawowych danych osobowych. Nale\u017cy wprowadzi\u0107 imi\u0119 i nazwisko, prawid\u0142owy adres e-mail, utworzy\u0107 silne has\u0142o i doda\u0107 numer telefonu. Wszystkie dane musz\u0105 by\u0107 dok\u0142adne, aby zapewni\u0107 bezpieczny dost\u0119p. Po przes\u0142aniu danych otrzymasz wiadomo\u015b\u0107 e-mail w celu aktywacji konta. Nast\u0119pnie b\u0119dziesz m\u00f3g\u0142 korzysta\u0107 ze wszystkich funkcji kasyna.<\/p>\n<h3>Jak zaktualizowa\u0107 has\u0142o lub adres e-mail?<\/h3>\n<p>Mo\u017cesz zaktualizowa\u0107 swoje has\u0142o lub adres e-mail w ustawieniach konta Ringospin. Aby zmieni\u0107 has\u0142o, wprowad\u017a aktualne has\u0142o, a nast\u0119pnie ustaw nowe. Aby zaktualizowa\u0107 adres e-mail, wprowad\u017a nowy adres e-mail i potwierd\u017a go za pomoc\u0105 linku weryfikacyjnego. Aktualizacja danych logowania zwi\u0119ksza bezpiecze\u0144stwo konta. Korzystanie z aktualnego adresu e-mail jest niezb\u0119dne do otrzymywania bonus\u00f3w i powiadomie\u0144 platformy.<\/p>\n<h3>Co zrobi\u0107, je\u015bli moje konto jest zablokowane?<\/h3>\n<p>Je\u015bli Twoje konto jest zablokowane, sprawd\u017a, czy wprowadzasz prawid\u0142owe dane logowania do Ringospin. Je\u015bli s\u0105 one prawid\u0142owe, natychmiast skontaktuj si\u0119 z naszym wieloj\u0119zycznym zespo\u0142em pomocy technicznej. Mo\u017cesz napisa\u0107 do nas e-mail lub skontaktowa\u0107 si\u0119 z nami za po\u015brednictwem czatu na \u017cywo, opisuj\u0105c sw\u00f3j problem. Podaj nasz specjalistom sw\u00f3j adres e-mail i inne informacje, a oni sprawdz\u0105 Twoje konto. Nasi specjali\u015bci zweryfikuj\u0105 Twoj\u0105 to\u017csamo\u015b\u0107 i pomog\u0105 Ci odzyska\u0107 dost\u0119p. Nie pr\u00f3buj logowa\u0107 si\u0119 wielokrotnie, poniewa\u017c powtarzaj\u0105ce si\u0119 pr\u00f3by mog\u0105 wyd\u0142u\u017cy\u0107 okres blokady.<\/p>\n<h3>Jak zamkn\u0105\u0107 lub tymczasowo zawiesi\u0107 swoje konto?<\/h3>\n<p>Aby zamkn\u0105\u0107 lub zawiesi\u0107 swoje konto Ringo Spin, przejd\u017a do sekcji odpowiedzialnej gry na swoim koncie osobistym. Mo\u017cesz wybra\u0107 okres karencji lub poprosi\u0107 o trwa\u0142e wykluczenie. Post\u0119puj zgodnie z instrukcjami, aby potwierdzi\u0107 sw\u00f3j wyb\u00f3r. Podczas zawieszenia lub zamkni\u0119cia konta nie b\u0119dziesz m\u00f3g\u0142 gra\u0107 w gry ani korzysta\u0107 z naszego kasyna. Aby potwierdzi\u0107 t\u0119 czynno\u015b\u0107, wy\u015blij nam wiadomo\u015b\u0107 e-mail, a my zako\u0144czymy procedur\u0119 wykluczenia.<\/p>\n<\/div><\/div><\/p>\n","protected":false},"excerpt":{"rendered":"<p>Logowanie i rejestracja konta Ringospin Ringospin login zapewnia zarejestrowanym u\u017cytkownikom bezpieczny dost\u0119p do wszystkich funkcji kasyna. Z kasyna mog\u0105 korzysta\u0107 wy\u0142\u0105cznie uprawnieni gracze z Polski. System logowania i rejestracji zosta\u0142 zaprojektowany tak, aby zapewni\u0107 bezpieczny dost\u0119p do konta na wszystkich urz\u0105dzeniach.<\/p>\n","protected":false},"author":9,"featured_media":0,"parent":0,"menu_order":0,"comment_status":"closed","ping_status":"closed","template":"template-builder.php","meta":{"_acf_changed":false,"inline_featured_image":false,"footnotes":""},"class_list":["post-1459","page","type-page","status-publish","hentry"],"acf":[],"yoast_head":"<!-- This site is optimized with the Yoast SEO plugin v24.4 - https:\/\/yoast.com\/wordpress\/plugins\/seo\/ -->\n<title>Ringospin Logowanie i rejestracja w serwisie<\/title>\n<meta name=\"description\" content=\"Bez wysi\u0142ku tw\u00f3rz, zarz\u0105dzaj i weryfikuj swoje konto w kasynie Ringospin. Ciesz si\u0119 szybk\u0105 rejestracj\u0105, \u0142atwym odzyskiwaniem konta i bezpiecznym zamkni\u0119ciem dzi\u0119ki Ringospin Login, zapewniaj\u0105cym ochron\u0119 Twojego konta przez ca\u0142\u0105 dob\u0119.\" \/>\n<meta name=\"robots\" content=\"index, follow, max-snippet:-1, max-image-preview:large, max-video-preview:-1\" \/>\n<link rel=\"canonical\" href=\"https:\/\/ringospincasino.net\/pl\/logowanie-i-rejestracja\/\" \/>\n<meta property=\"og:locale\" content=\"pl_PL\" \/>\n<meta property=\"og:type\" content=\"article\" \/>\n<meta property=\"og:title\" content=\"Ringospin Logowanie i rejestracja w serwisie\" \/>\n<meta property=\"og:description\" content=\"Bez wysi\u0142ku tw\u00f3rz, zarz\u0105dzaj i weryfikuj swoje konto w kasynie Ringospin. Ciesz si\u0119 szybk\u0105 rejestracj\u0105, \u0142atwym odzyskiwaniem konta i bezpiecznym zamkni\u0119ciem dzi\u0119ki Ringospin Login, zapewniaj\u0105cym ochron\u0119 Twojego konta przez ca\u0142\u0105 dob\u0119.\" \/>\n<meta property=\"og:url\" content=\"https:\/\/ringospincasino.net\/pl\/logowanie-i-rejestracja\/\" \/>\n<meta property=\"og:site_name\" content=\"ringospin\" \/>\n<meta property=\"article:modified_time\" content=\"2026-02-03T15:16:40+00:00\" \/>\n<meta name=\"twitter:card\" content=\"summary_large_image\" \/>\n<meta name=\"twitter:label1\" content=\"Est. reading time\" \/>\n\t<meta name=\"twitter:data1\" content=\"1 minuta\" \/>\n<script type=\"application\/ld+json\" class=\"yoast-schema-graph\">{\"@context\":\"https:\/\/schema.org\",\"@graph\":[{\"@type\":\"WebPage\",\"@id\":\"https:\/\/ringospincasino.net\/pl\/logowanie-i-rejestracja\/\",\"url\":\"https:\/\/ringospincasino.net\/pl\/logowanie-i-rejestracja\/\",\"name\":\"Ringospin Logowanie i rejestracja w serwisie\",\"isPartOf\":{\"@id\":\"https:\/\/ringospincasino.net\/pl\/#website\"},\"datePublished\":\"2026-02-03T12:54:09+00:00\",\"dateModified\":\"2026-02-03T15:16:40+00:00\",\"description\":\"Bez wysi\u0142ku tw\u00f3rz, zarz\u0105dzaj i weryfikuj swoje konto w kasynie Ringospin. Ciesz si\u0119 szybk\u0105 rejestracj\u0105, \u0142atwym odzyskiwaniem konta i bezpiecznym zamkni\u0119ciem dzi\u0119ki Ringospin Login, zapewniaj\u0105cym ochron\u0119 Twojego konta przez ca\u0142\u0105 dob\u0119.\",\"breadcrumb\":{\"@id\":\"https:\/\/ringospincasino.net\/pl\/logowanie-i-rejestracja\/#breadcrumb\"},\"inLanguage\":\"pl-PL\",\"potentialAction\":[{\"@type\":\"ReadAction\",\"target\":[\"https:\/\/ringospincasino.net\/pl\/logowanie-i-rejestracja\/\"]}]},{\"@type\":\"BreadcrumbList\",\"@id\":\"https:\/\/ringospincasino.net\/pl\/logowanie-i-rejestracja\/#breadcrumb\",\"itemListElement\":[{\"@type\":\"ListItem\",\"position\":1,\"name\":\"Ringospin\",\"item\":\"https:\/\/ringospincasino.net\/pl\/\"},{\"@type\":\"ListItem\",\"position\":2,\"name\":\"Logowanie i rejestracja\"}]},{\"@type\":\"WebSite\",\"@id\":\"https:\/\/ringospincasino.net\/pl\/#website\",\"url\":\"https:\/\/ringospincasino.net\/pl\/\",\"name\":\"Ringospin\",\"description\":\"\",\"publisher\":{\"@id\":\"https:\/\/ringospincasino.net\/pl\/#organization\"},\"potentialAction\":[{\"@type\":\"SearchAction\",\"target\":{\"@type\":\"EntryPoint\",\"urlTemplate\":\"https:\/\/ringospincasino.net\/pl\/?s={search_term_string}\"},\"query-input\":{\"@type\":\"PropertyValueSpecification\",\"valueRequired\":true,\"valueName\":\"search_term_string\"}}],\"inLanguage\":\"pl-PL\"},{\"@type\":\"Organization\",\"@id\":\"https:\/\/ringospincasino.net\/pl\/#organization\",\"name\":\"Ringospin\",\"url\":\"https:\/\/ringospincasino.net\/pl\/\",\"logo\":{\"@type\":\"ImageObject\",\"inLanguage\":\"pl-PL\",\"@id\":\"https:\/\/ringospincasino.net\/pl\/#\/schema\/logo\/image\/\",\"url\":\"https:\/\/ringospincasino.net\/wp-content\/uploads\/2026\/02\/logo-ringospin.png\",\"contentUrl\":\"https:\/\/ringospincasino.net\/wp-content\/uploads\/2026\/02\/logo-ringospin.png\",\"width\":278,\"height\":68,\"caption\":\"Ringospin\"},\"image\":{\"@id\":\"https:\/\/ringospincasino.net\/pl\/#\/schema\/logo\/image\/\"}}]}<\/script>\n<!-- \/ Yoast SEO plugin. -->","yoast_head_json":{"title":"Ringospin Logowanie i rejestracja w serwisie","description":"Bez wysi\u0142ku tw\u00f3rz, zarz\u0105dzaj i weryfikuj swoje konto w kasynie Ringospin. Ciesz si\u0119 szybk\u0105 rejestracj\u0105, \u0142atwym odzyskiwaniem konta i bezpiecznym zamkni\u0119ciem dzi\u0119ki Ringospin Login, zapewniaj\u0105cym ochron\u0119 Twojego konta przez ca\u0142\u0105 dob\u0119.","robots":{"index":"index","follow":"follow","max-snippet":"max-snippet:-1","max-image-preview":"max-image-preview:large","max-video-preview":"max-video-preview:-1"},"canonical":"https:\/\/ringospincasino.net\/pl\/logowanie-i-rejestracja\/","og_locale":"pl_PL","og_type":"article","og_title":"Ringospin Logowanie i rejestracja w serwisie","og_description":"Bez wysi\u0142ku tw\u00f3rz, zarz\u0105dzaj i weryfikuj swoje konto w kasynie Ringospin. Ciesz si\u0119 szybk\u0105 rejestracj\u0105, \u0142atwym odzyskiwaniem konta i bezpiecznym zamkni\u0119ciem dzi\u0119ki Ringospin Login, zapewniaj\u0105cym ochron\u0119 Twojego konta przez ca\u0142\u0105 dob\u0119.","og_url":"https:\/\/ringospincasino.net\/pl\/logowanie-i-rejestracja\/","og_site_name":"ringospin","article_modified_time":"2026-02-03T15:16:40+00:00","twitter_card":"summary_large_image","twitter_misc":{"Est. reading time":"1 minuta"},"schema":{"@context":"https:\/\/schema.org","@graph":[{"@type":"WebPage","@id":"https:\/\/ringospincasino.net\/pl\/logowanie-i-rejestracja\/","url":"https:\/\/ringospincasino.net\/pl\/logowanie-i-rejestracja\/","name":"Ringospin Logowanie i rejestracja w serwisie","isPartOf":{"@id":"https:\/\/ringospincasino.net\/pl\/#website"},"datePublished":"2026-02-03T12:54:09+00:00","dateModified":"2026-02-03T15:16:40+00:00","description":"Bez wysi\u0142ku tw\u00f3rz, zarz\u0105dzaj i weryfikuj swoje konto w kasynie Ringospin. Ciesz si\u0119 szybk\u0105 rejestracj\u0105, \u0142atwym odzyskiwaniem konta i bezpiecznym zamkni\u0119ciem dzi\u0119ki Ringospin Login, zapewniaj\u0105cym ochron\u0119 Twojego konta przez ca\u0142\u0105 dob\u0119.","breadcrumb":{"@id":"https:\/\/ringospincasino.net\/pl\/logowanie-i-rejestracja\/#breadcrumb"},"inLanguage":"pl-PL","potentialAction":[{"@type":"ReadAction","target":["https:\/\/ringospincasino.net\/pl\/logowanie-i-rejestracja\/"]}]},{"@type":"BreadcrumbList","@id":"https:\/\/ringospincasino.net\/pl\/logowanie-i-rejestracja\/#breadcrumb","itemListElement":[{"@type":"ListItem","position":1,"name":"Ringospin","item":"https:\/\/ringospincasino.net\/pl\/"},{"@type":"ListItem","position":2,"name":"Logowanie i rejestracja"}]},{"@type":"WebSite","@id":"https:\/\/ringospincasino.net\/pl\/#website","url":"https:\/\/ringospincasino.net\/pl\/","name":"Ringospin","description":"","publisher":{"@id":"https:\/\/ringospincasino.net\/pl\/#organization"},"potentialAction":[{"@type":"SearchAction","target":{"@type":"EntryPoint","urlTemplate":"https:\/\/ringospincasino.net\/pl\/?s={search_term_string}"},"query-input":{"@type":"PropertyValueSpecification","valueRequired":true,"valueName":"search_term_string"}}],"inLanguage":"pl-PL"},{"@type":"Organization","@id":"https:\/\/ringospincasino.net\/pl\/#organization","name":"Ringospin","url":"https:\/\/ringospincasino.net\/pl\/","logo":{"@type":"ImageObject","inLanguage":"pl-PL","@id":"https:\/\/ringospincasino.net\/pl\/#\/schema\/logo\/image\/","url":"https:\/\/ringospincasino.net\/wp-content\/uploads\/2026\/02\/logo-ringospin.png","contentUrl":"https:\/\/ringospincasino.net\/wp-content\/uploads\/2026\/02\/logo-ringospin.png","width":278,"height":68,"caption":"Ringospin"},"image":{"@id":"https:\/\/ringospincasino.net\/pl\/#\/schema\/logo\/image\/"}}]}},"_links":{"self":[{"href":"https:\/\/ringospincasino.net\/pl\/wp-json\/wp\/v2\/pages\/1459"}],"collection":[{"href":"https:\/\/ringospincasino.net\/pl\/wp-json\/wp\/v2\/pages"}],"about":[{"href":"https:\/\/ringospincasino.net\/pl\/wp-json\/wp\/v2\/types\/page"}],"author":[{"embeddable":true,"href":"https:\/\/ringospincasino.net\/pl\/wp-json\/wp\/v2\/users\/9"}],"replies":[{"embeddable":true,"href":"https:\/\/ringospincasino.net\/pl\/wp-json\/wp\/v2\/comments?post=1459"}],"version-history":[{"count":1,"href":"https:\/\/ringospincasino.net\/pl\/wp-json\/wp\/v2\/pages\/1459\/revisions"}],"predecessor-version":[{"id":1761,"href":"https:\/\/ringospincasino.net\/pl\/wp-json\/wp\/v2\/pages\/1459\/revisions\/1761"}],"wp:attachment":[{"href":"https:\/\/ringospincasino.net\/pl\/wp-json\/wp\/v2\/media?parent=1459"}],"curies":[{"name":"wp","href":"https:\/\/api.w.org\/{rel}","templated":true}]}}