{"id":1420,"date":"2026-02-03T12:52:27","date_gmt":"2026-02-03T12:52:27","guid":{"rendered":"https:\/\/ringospincasino.net\/app\/"},"modified":"2026-02-03T15:15:30","modified_gmt":"2026-02-03T15:15:30","slug":"app","status":"publish","type":"page","link":"https:\/\/ringospincasino.net\/pl\/app\/","title":{"rendered":"Aplikacja"},"content":{"rendered":"<h1>Platforma mobilna Ringo Spin<\/h1>\n<p>Ringospin app jest dost\u0119pna na urz\u0105dzenia z systemem Android i iOS. Aplikacja zapewnia pe\u0142ny dost\u0119p do wszystkich gier i funkcji. Gracze z Polski mog\u0105 kontrolowa\u0107 i gra\u0107 w czasie rzeczywistym, b\u0119d\u0105c w ruchu. Nasze oprogramowanie oferuje wygodn\u0105 nawigacj\u0119 i interfejs dostosowuj\u0105cy si\u0119 do ka\u017cdego ekranu.<\/p>\n<div class=\"banner-wrap\" aria-label=\"Banner\"><img src=\"https:\/\/ringospincasino.net\/wp-content\/uploads\/2026\/02\/Ringospin-banner-carousel-932\u0445400-4.webp\" class=\"w-100 d-none d-lg-block img-pc main-banner-img\" alt=\"Ringospin banner desktop\" fetchpriority=\"high\" decoding=\"async\"><img src=\"https:\/\/ringospincasino.net\/wp-content\/uploads\/2026\/02\/Mobile-banner.webp\" class=\"w-100 d-none d-md-block d-lg-none main-banner-img\" alt=\"Ringospin mobile banner\" fetchpriority=\"high\" decoding=\"async\"><img src=\"https:\/\/ringospincasino.net\/wp-content\/uploads\/2026\/02\/Mobile-banner.webp\" class=\"w-100 d-md-none\" alt=\"Ringospin mobile banner\" fetchpriority=\"high\" decoding=\"async\"><div class=\"banner-description\">\n<div class=\"banner-title\">Bonusy powitalne<\/div>\n<p class=\"banner-header-title\">1500 \u20ac<\/p>\n<div class=\"banner-header-AdditionalText\">+ 250 Darmowe spiny<\/div>\n<button data-item=\"homepage_banner_link\" class=\"goto m-button m-gradient-border m-button--primary m-button--large banner-button btn-orange\">\n            <div class=\"m-button-content\">\n                <span>Zarejestruj si\u0119 teraz<\/span>\n                <span><\/span>\n            <\/div>\n        <\/button>\n<\/div>\n<div class=\"WelcomePack\">\n<p><img loading=\"lazy\" decoding=\"async\" class=\"alignnone size-full wp-image-1335\" src=\"https:\/\/ringospincasino.net\/wp-content\/uploads\/2026\/02\/welcome-crown.png\" alt=\"welcome crown\" width=\"25\" height=\"26\" \/><\/p>\n<div class=\"WelcomePack-Info\">Cotygodniowy zwrot got\u00f3wki do 25%<\/div>\n<p><img loading=\"lazy\" decoding=\"async\" class=\"alignnone size-full wp-image-1335\" src=\"https:\/\/ringospincasino.net\/wp-content\/uploads\/2026\/02\/welcome-crown.png\" alt=\"welcome crown\" width=\"25\" height=\"26\" \/><\/p>\n<\/div>\n<\/div>\n<h2>Korzystanie z Ringospin na urz\u0105dzeniach mobilnych<\/h2>\n<p>Aplikacja Ringospin zapewnia pe\u0142n\u0105 funkcjonalno\u015b\u0107 platformy w formacie mobilnym. Zosta\u0142a zaprojektowana z my\u015bl\u0105 o szybkim dost\u0119pie i kontroli z dowolnego miejsca. Wersja na komputery PC korzysta z wi\u0119kszego ekranu, podczas gdy aplikacja mobilna koncentruje si\u0119 na szybko\u015bci i interakcji dotykowej. Obie wersje zapewniaj\u0105 bezpieczny dost\u0119p do automat\u00f3w online i wszystkich gier.<\/p>\n<table>\n<tbody>\n<tr>\n<td>Funkcja<\/td>\n<td>Aplikacja mobilna Ringospin<\/td>\n<td>Wersja na komputery PC<\/td>\n<\/tr>\n<tr>\n<td>Metoda dost\u0119pu<\/td>\n<td>Dost\u0119p do aplikacji z dowolnego urz\u0105dzenia<\/td>\n<td>Dost\u0119p przez przegl\u0105dark\u0119<\/td>\n<\/tr>\n<tr>\n<td>Styl rozgrywki<\/td>\n<td>Zoptymalizowana pod k\u0105tem sterowania dotykowego<\/td>\n<td>Zoptymalizowana pod k\u0105tem myszy i klawiatury<\/td>\n<\/tr>\n<tr>\n<td>Rozpocz\u0119cie sesji<\/td>\n<td>Natychmiastowe uruchomienie<\/td>\n<td>Wymaga za\u0142adowania przegl\u0105darki<\/td>\n<\/tr>\n<tr>\n<td>Powiadomienia<\/td>\n<td>Powiadomienia w aplikacji i powiadomienia push<\/td>\n<td>Tylko powiadomienia w witrynie<\/td>\n<\/tr>\n<tr>\n<td>Przeno\u015bno\u015b\u0107<\/td>\n<td>Odtwarzanie z dowolnego miejsca<\/td>\n<td>Ustalone na konfiguracji pulpitu<\/td>\n<\/tr>\n<tr>\n<td>Dost\u0119pno\u015b\u0107 funkcji<\/td>\n<td>Pe\u0142ny dost\u0119p do platformy<\/td>\n<td>Pe\u0142ny dost\u0119p do platformy<\/td>\n<\/tr>\n<\/tbody>\n<\/table>\n<p><div class=\"scrollable-content-wrap my-5\"><div class=\"scrollable-content-inner\"><h2>Aplikacja mobilna Ringospin na Androida<\/h2>\n<p>Aplikacja Ringospin na Androida zapewnia szybki dost\u0119p do wszystkich funkcji kasyna z Twojego urz\u0105dzenia. Oprogramowanie obs\u0142uguje wszystkie rodzaje gier z naszej biblioteki, p\u0142atno\u015bci, zarz\u0105dzanie kontem i wiele wi\u0119cej. Zosta\u0142o zaprojektowane z my\u015bl\u0105 o wygodniejszym u\u017cytkowaniu na wszystkich smartfonach i tabletach z systemem Android. Gracze otrzymuj\u0105 powiadomienia systemowe o wszystkich aktualizacjach. Mo\u017cesz na przyk\u0142ad otrzymywa\u0107 informacje o turniejach, promocjach i aktualizacjach platformy.<\/p>\n<h3>PWA<\/h3>\n<p>Nasza aplikacja Ringospin zosta\u0142a zaprojektowana jako progresywna aplikacja internetowa (PWA). Format PWA pozwala na natychmiastow\u0105 instalacj\u0119 oprogramowania bez \u017cadnych skomplikowanych plik\u00f3w. Dzia\u0142a jako aplikacja internetowa w przegl\u0105darce i aktualizuje si\u0119 automatycznie. Dzi\u0119ki temu aplikacja Ringospin jest wygodna i \u0142atwa w codziennym u\u017cytkowaniu.<\/p>\n<h3>APK<\/h3>\n<p>Nie jest wymagane pobieranie pliku APK Ringospin. Gracze nie musz\u0105 odwiedza\u0107 sklepu z aplikacjami. Instalacja z naszej strony jest \u0142atwa i szybka.<\/p>\n<p>Jak zainstalowa\u0107 na Androidzie:<\/p>\n<ol>\n<li>Przewi\u0144 stron\u0119 internetow\u0105 Ringospin Casino do dolnej cz\u0119\u015bci strony g\u0142\u00f3wnej.<\/li>\n<li>Naci\u015bnij przycisk \u201eAplikacja kasyna\u201d.<\/li>\n<li>Wybierz \u201eZainstaluj\u201d, a nast\u0119pnie uruchom aplikacj\u0119 Ringospin z ekranu g\u0142\u00f3wnego.<\/li>\n<\/ol>\n<p><img loading=\"lazy\" decoding=\"async\" src=\"https:\/\/ringospincasino.net\/wp-content\/uploads\/2026\/02\/Ringospin-Android.webp\" alt=\"Ringospin Android\" width=\"1248\" height=\"536\" \/><\/p>\n<\/div><\/div><div style=\"clear: both\"><\/div><div class=\"d-flex justify-content-center\"><button data-item=\"decouvrez_link\" data-group=\"website_links\" class=\"goto fw-bold rounded-pill btn btn-orange\" aria-label=\"Pobierz aplikacj\u0119 Ringospin\" >Pobierz aplikacj\u0119 Ringospin<\/button><\/div><div class=\"scrollable-content-wrap my-5\"><div class=\"scrollable-content-inner\"><h2>Aplikacja mobilna Ringospin na iOS<\/h2>\n<p>Aplikacja Ringospin na iOS jest zoptymalizowana dla u\u017cytkownik\u00f3w iPhone&#8217;\u00f3w i iPad\u00f3w. Oprogramowanie dzia\u0142a jako aplikacja internetowa w przegl\u0105darce Safari i nie wymaga pobierania z App Store. Dzia\u0142a jako skr\u00f3t umo\u017cliwiaj\u0105cy szybki dost\u0119p do wszystkich funkcji kasyna. Ten format zapewnia szybkie \u0142adowanie i stabiln\u0105 rozgrywk\u0119. Gracze otrzymuj\u0105 r\u00f3wnie\u017c powiadomienia o wszystkich aktualizacjach Ringospin. Na ekranie g\u0142\u00f3wnym dodawana jest specjalna ikona umo\u017cliwiaj\u0105ca szybki dost\u0119p za pomoc\u0105 jednego dotkni\u0119cia.<\/p>\n<p>Jak zainstalowa\u0107 na iOS:<\/p>\n<ol>\n<li>Otw\u00f3rz stron\u0119 internetow\u0105 Ringo Spin za pomoc\u0105 przegl\u0105darki Safari.<\/li>\n<li>Naci\u015bnij ikon\u0119 \u201eUdost\u0119pnij\u201d u do\u0142u ekranu.<\/li>\n<li>Wybierz \u201eDodaj do ekranu g\u0142\u00f3wnego\u201d z menu.<\/li>\n<li>Potwierd\u017a, klikaj\u0105c \u201eDodaj\u201d.<\/li>\n<li>Uruchom aplikacj\u0119 Ringospin z ekranu g\u0142\u00f3wnego.<\/li>\n<\/ol>\n<p><img loading=\"lazy\" decoding=\"async\" src=\"https:\/\/ringospincasino.net\/wp-content\/uploads\/2026\/02\/Ringospin-iOS.webp\" alt=\"Ringospin iOS\" width=\"1248\" height=\"536\" \/><\/p>\n<\/div><\/div><div style=\"clear: both\"><\/div><div class=\"d-flex justify-content-center\"><button data-item=\"decouvrez_link\" data-group=\"website_links\" class=\"goto fw-bold rounded-pill btn btn-orange\" aria-label=\"Pobierz Ringospin\" >Pobierz Ringospin<\/button><\/div><div class=\"scrollable-content-wrap my-5\"><div class=\"scrollable-content-inner\"><h2>Aplikacje dla system\u00f3w Windows i macOS<\/h2>\n<p>Ringospin Casino oferuje rozwi\u0105zanie na komputery stacjonarne z systemem Windows i macOS. Nasza platforma mo\u017ce by\u0107 u\u017cywana jako aplikacja internetowa na komputery stacjonarne bez konieczno\u015bci skomplikowanej instalacji dodatkowego oprogramowania. Gracze mog\u0105 utworzy\u0107 skr\u00f3t do Ringo Spin jako oddzielnej aplikacji. Tutaj wszystkie funkcje mobilnego kasyna s\u0105 dost\u0119pne za jednym klikni\u0119ciem.<\/p>\n<p>Aplikacja Ringospin na komputery stacjonarne zapewnia szybkie \u0142adowanie. Interfejs jest w pe\u0142ni zoptymalizowany pod k\u0105tem du\u017cych ekran\u00f3w i oferuje wysokiej jako\u015bci transmisj\u0119 strumieniow\u0105 gier z krupierem na \u017cywo. Gracze maj\u0105 pe\u0142ny dost\u0119p do gier, wp\u0142at, wyp\u0142at i procesu weryfikacji. Aplikacja internetowa na komputery PC jest instalowana jako skr\u00f3t szybkiego dost\u0119pu za po\u015brednictwem przegl\u0105darki. Mo\u017cesz przej\u015b\u0107 do strony Ringo Spin i utworzy\u0107 skr\u00f3t w ustawieniach przegl\u0105darki.<\/p>\n<p><img loading=\"lazy\" decoding=\"async\" src=\"https:\/\/ringospincasino.net\/wp-content\/uploads\/2026\/02\/Ringospin-Desktop.webp\" alt=\"Ringospin Desktop\" width=\"1248\" height=\"536\" \/><\/p>\n<\/div><\/div><div style=\"clear: both\"><\/div><div class=\"d-flex justify-content-center\"><button data-item=\"decouvrez_link\" data-group=\"website_links\" class=\"goto fw-bold rounded-pill btn btn-orange\" aria-label=\"Pobierz aplikacj\u0119 Ringospin\" >Pobierz aplikacj\u0119 Ringospin<\/button><\/div><div class=\"scrollable-content-wrap my-5\"><div class=\"scrollable-content-inner\"><h2>FAQ<\/h2>\n<h3>Czy do korzystania z aplikacji Ringo Spin wymagane jest utworzenie konta?<\/h3>\n<p>Tak, aby korzysta\u0107 z aplikacji Ringospin, wymagana jest rejestracja. Tylko autoryzowani u\u017cytkownicy mog\u0105 korzysta\u0107 z kasyna: gra\u0107 w gry, obstawia\u0107 zak\u0142ady, bra\u0107 udzia\u0142 w turniejach. Po rejestracji gracze mog\u0105 zarz\u0105dza\u0107 swoimi kontami, na przyk\u0142ad weryfikowa\u0107 swoj\u0105 to\u017csamo\u015b\u0107 i korzysta\u0107 z narz\u0119dzi odpowiedzialnej gry. Bez konta dost\u0119p do kasyna i gier nie jest mo\u017cliwy.<\/p>\n<h3>Czy aplikacja Ringo Spin Casino oferuje obs\u0142ug\u0119 klienta?<\/h3>\n<p>Tak, za po\u015brednictwem aplikacji Ringospin Casino mo\u017cna skontaktowa\u0107 si\u0119 z wieloj\u0119zyczn\u0105 obs\u0142ug\u0105 klienta. Gracze mog\u0105 skontaktowa\u0107 si\u0119 z zespo\u0142em pomocy technicznej za po\u015brednictwem czatu na \u017cywo w aplikacji Ringospin lub poczt\u0105 elektroniczn\u0105. Pomoc jest dost\u0119pna przez ca\u0142\u0105 dob\u0119 i mo\u017cna skontaktowa\u0107 si\u0119 z obs\u0142ug\u0105 klienta w przypadku jakichkolwiek pyta\u0144. Obs\u0142uga klienta dzia\u0142a w kilku j\u0119zykach.<\/p>\n<h3>Jak mog\u0119 zaktualizowa\u0107 aplikacj\u0119 Ringospin Casino?<\/h3>\n<p>Aplikacja Ringo Spin Casino aktualizuje si\u0119 automatycznie. Jako progresywna aplikacja internetowa, po uruchomieniu zawsze dzia\u0142a w najnowszej wersji. Nie ma potrzeby r\u0119cznego pobierania aktualizacji ani odwiedzania sklepu z aplikacjami. Najnowsze ulepszenia bezpiecze\u0144stwa i aktualizacje platformy s\u0105 stosowane w tle przy ka\u017cdym logowaniu do aplikacji Ringospin.<\/p>\n<\/div><\/div><\/p>\n","protected":false},"excerpt":{"rendered":"<p>Platforma mobilna Ringo Spin Ringospin app jest dost\u0119pna na urz\u0105dzenia z systemem Android i iOS. Aplikacja zapewnia pe\u0142ny dost\u0119p do wszystkich gier i funkcji. Gracze z Polski mog\u0105 kontrolowa\u0107 i gra\u0107 w czasie rzeczywistym, b\u0119d\u0105c w ruchu. Nasze oprogramowanie oferuje wygodn\u0105 nawigacj\u0119 i interfejs dostosowuj\u0105cy si\u0119 do ka\u017cdego ekranu. Korzystanie z Ringospin na urz\u0105dzeniach mobilnych [&hellip;]<\/p>\n","protected":false},"author":9,"featured_media":0,"parent":0,"menu_order":0,"comment_status":"closed","ping_status":"closed","template":"template-builder.php","meta":{"_acf_changed":false,"inline_featured_image":false,"footnotes":""},"class_list":["post-1420","page","type-page","status-publish","hentry"],"acf":[],"yoast_head":"<!-- This site is optimized with the Yoast SEO plugin v27.3 - https:\/\/yoast.com\/product\/yoast-seo-wordpress\/ -->\n<title>Ringospin App | Platformy iOS i Android<\/title>\n<meta name=\"description\" content=\"Aplikacja Ringospin zapewnia p\u0142ynn\u0105 rozgrywk\u0119 w kasynie na systemach Android, iOS, Windows i macOS, oferuj\u0105c zsynchronizowane konta, regularne aktualizacje i wbudowan\u0105 obs\u0142ug\u0119 klienta, co zapewnia bezproblemowe korzystanie z aplikacji.\" \/>\n<meta name=\"robots\" content=\"index, follow, max-snippet:-1, max-image-preview:large, max-video-preview:-1\" \/>\n<link rel=\"canonical\" href=\"https:\/\/ringospincasino.net\/pl\/app\/\" \/>\n<meta property=\"og:locale\" content=\"pl_PL\" \/>\n<meta property=\"og:type\" content=\"article\" \/>\n<meta property=\"og:title\" content=\"Ringospin App | Platformy iOS i Android\" \/>\n<meta property=\"og:description\" content=\"Aplikacja Ringospin zapewnia p\u0142ynn\u0105 rozgrywk\u0119 w kasynie na systemach Android, iOS, Windows i macOS, oferuj\u0105c zsynchronizowane konta, regularne aktualizacje i wbudowan\u0105 obs\u0142ug\u0119 klienta, co zapewnia bezproblemowe korzystanie z aplikacji.\" \/>\n<meta property=\"og:url\" content=\"https:\/\/ringospincasino.net\/pl\/app\/\" \/>\n<meta property=\"og:site_name\" content=\"ringospin\" \/>\n<meta property=\"article:modified_time\" content=\"2026-02-03T15:15:30+00:00\" \/>\n<meta name=\"twitter:card\" content=\"summary_large_image\" \/>\n<meta name=\"twitter:label1\" content=\"Est. reading time\" \/>\n\t<meta name=\"twitter:data1\" content=\"1 minuta\" \/>\n<script type=\"application\/ld+json\" class=\"yoast-schema-graph\">{\"@context\":\"https:\\\/\\\/schema.org\",\"@graph\":[{\"@type\":\"WebPage\",\"@id\":\"https:\\\/\\\/ringospincasino.net\\\/pl\\\/app\\\/\",\"url\":\"https:\\\/\\\/ringospincasino.net\\\/pl\\\/app\\\/\",\"name\":\"Ringospin App | Platformy iOS i Android\",\"isPartOf\":{\"@id\":\"https:\\\/\\\/ringospincasino.net\\\/pl\\\/#website\"},\"datePublished\":\"2026-02-03T12:52:27+00:00\",\"dateModified\":\"2026-02-03T15:15:30+00:00\",\"description\":\"Aplikacja Ringospin zapewnia p\u0142ynn\u0105 rozgrywk\u0119 w kasynie na systemach Android, iOS, Windows i macOS, oferuj\u0105c zsynchronizowane konta, regularne aktualizacje i wbudowan\u0105 obs\u0142ug\u0119 klienta, co zapewnia bezproblemowe korzystanie z aplikacji.\",\"breadcrumb\":{\"@id\":\"https:\\\/\\\/ringospincasino.net\\\/pl\\\/app\\\/#breadcrumb\"},\"inLanguage\":\"pl-PL\",\"potentialAction\":[{\"@type\":\"ReadAction\",\"target\":[\"https:\\\/\\\/ringospincasino.net\\\/pl\\\/app\\\/\"]}]},{\"@type\":\"BreadcrumbList\",\"@id\":\"https:\\\/\\\/ringospincasino.net\\\/pl\\\/app\\\/#breadcrumb\",\"itemListElement\":[{\"@type\":\"ListItem\",\"position\":1,\"name\":\"Ringospin\",\"item\":\"https:\\\/\\\/ringospincasino.net\\\/pl\\\/\"},{\"@type\":\"ListItem\",\"position\":2,\"name\":\"Aplikacja\"}]},{\"@type\":\"WebSite\",\"@id\":\"https:\\\/\\\/ringospincasino.net\\\/pl\\\/#website\",\"url\":\"https:\\\/\\\/ringospincasino.net\\\/pl\\\/\",\"name\":\"Ringospin\",\"description\":\"\",\"publisher\":{\"@id\":\"https:\\\/\\\/ringospincasino.net\\\/pl\\\/#organization\"},\"potentialAction\":[{\"@type\":\"SearchAction\",\"target\":{\"@type\":\"EntryPoint\",\"urlTemplate\":\"https:\\\/\\\/ringospincasino.net\\\/pl\\\/?s={search_term_string}\"},\"query-input\":{\"@type\":\"PropertyValueSpecification\",\"valueRequired\":true,\"valueName\":\"search_term_string\"}}],\"inLanguage\":\"pl-PL\"},{\"@type\":\"Organization\",\"@id\":\"https:\\\/\\\/ringospincasino.net\\\/pl\\\/#organization\",\"name\":\"Ringospin\",\"url\":\"https:\\\/\\\/ringospincasino.net\\\/pl\\\/\",\"logo\":{\"@type\":\"ImageObject\",\"inLanguage\":\"pl-PL\",\"@id\":\"https:\\\/\\\/ringospincasino.net\\\/pl\\\/#\\\/schema\\\/logo\\\/image\\\/\",\"url\":\"https:\\\/\\\/ringospincasino.net\\\/wp-content\\\/uploads\\\/2026\\\/02\\\/logo-ringospin.png\",\"contentUrl\":\"https:\\\/\\\/ringospincasino.net\\\/wp-content\\\/uploads\\\/2026\\\/02\\\/logo-ringospin.png\",\"width\":278,\"height\":68,\"caption\":\"Ringospin\"},\"image\":{\"@id\":\"https:\\\/\\\/ringospincasino.net\\\/pl\\\/#\\\/schema\\\/logo\\\/image\\\/\"}}]}<\/script>\n<!-- \/ Yoast SEO plugin. -->","yoast_head_json":{"title":"Ringospin App | Platformy iOS i Android","description":"Aplikacja Ringospin zapewnia p\u0142ynn\u0105 rozgrywk\u0119 w kasynie na systemach Android, iOS, Windows i macOS, oferuj\u0105c zsynchronizowane konta, regularne aktualizacje i wbudowan\u0105 obs\u0142ug\u0119 klienta, co zapewnia bezproblemowe korzystanie z aplikacji.","robots":{"index":"index","follow":"follow","max-snippet":"max-snippet:-1","max-image-preview":"max-image-preview:large","max-video-preview":"max-video-preview:-1"},"canonical":"https:\/\/ringospincasino.net\/pl\/app\/","og_locale":"pl_PL","og_type":"article","og_title":"Ringospin App | Platformy iOS i Android","og_description":"Aplikacja Ringospin zapewnia p\u0142ynn\u0105 rozgrywk\u0119 w kasynie na systemach Android, iOS, Windows i macOS, oferuj\u0105c zsynchronizowane konta, regularne aktualizacje i wbudowan\u0105 obs\u0142ug\u0119 klienta, co zapewnia bezproblemowe korzystanie z aplikacji.","og_url":"https:\/\/ringospincasino.net\/pl\/app\/","og_site_name":"ringospin","article_modified_time":"2026-02-03T15:15:30+00:00","twitter_card":"summary_large_image","twitter_misc":{"Est. reading time":"1 minuta"},"schema":{"@context":"https:\/\/schema.org","@graph":[{"@type":"WebPage","@id":"https:\/\/ringospincasino.net\/pl\/app\/","url":"https:\/\/ringospincasino.net\/pl\/app\/","name":"Ringospin App | Platformy iOS i Android","isPartOf":{"@id":"https:\/\/ringospincasino.net\/pl\/#website"},"datePublished":"2026-02-03T12:52:27+00:00","dateModified":"2026-02-03T15:15:30+00:00","description":"Aplikacja Ringospin zapewnia p\u0142ynn\u0105 rozgrywk\u0119 w kasynie na systemach Android, iOS, Windows i macOS, oferuj\u0105c zsynchronizowane konta, regularne aktualizacje i wbudowan\u0105 obs\u0142ug\u0119 klienta, co zapewnia bezproblemowe korzystanie z aplikacji.","breadcrumb":{"@id":"https:\/\/ringospincasino.net\/pl\/app\/#breadcrumb"},"inLanguage":"pl-PL","potentialAction":[{"@type":"ReadAction","target":["https:\/\/ringospincasino.net\/pl\/app\/"]}]},{"@type":"BreadcrumbList","@id":"https:\/\/ringospincasino.net\/pl\/app\/#breadcrumb","itemListElement":[{"@type":"ListItem","position":1,"name":"Ringospin","item":"https:\/\/ringospincasino.net\/pl\/"},{"@type":"ListItem","position":2,"name":"Aplikacja"}]},{"@type":"WebSite","@id":"https:\/\/ringospincasino.net\/pl\/#website","url":"https:\/\/ringospincasino.net\/pl\/","name":"Ringospin","description":"","publisher":{"@id":"https:\/\/ringospincasino.net\/pl\/#organization"},"potentialAction":[{"@type":"SearchAction","target":{"@type":"EntryPoint","urlTemplate":"https:\/\/ringospincasino.net\/pl\/?s={search_term_string}"},"query-input":{"@type":"PropertyValueSpecification","valueRequired":true,"valueName":"search_term_string"}}],"inLanguage":"pl-PL"},{"@type":"Organization","@id":"https:\/\/ringospincasino.net\/pl\/#organization","name":"Ringospin","url":"https:\/\/ringospincasino.net\/pl\/","logo":{"@type":"ImageObject","inLanguage":"pl-PL","@id":"https:\/\/ringospincasino.net\/pl\/#\/schema\/logo\/image\/","url":"https:\/\/ringospincasino.net\/wp-content\/uploads\/2026\/02\/logo-ringospin.png","contentUrl":"https:\/\/ringospincasino.net\/wp-content\/uploads\/2026\/02\/logo-ringospin.png","width":278,"height":68,"caption":"Ringospin"},"image":{"@id":"https:\/\/ringospincasino.net\/pl\/#\/schema\/logo\/image\/"}}]}},"_links":{"self":[{"href":"https:\/\/ringospincasino.net\/pl\/wp-json\/wp\/v2\/pages\/1420","targetHints":{"allow":["GET"]}}],"collection":[{"href":"https:\/\/ringospincasino.net\/pl\/wp-json\/wp\/v2\/pages"}],"about":[{"href":"https:\/\/ringospincasino.net\/pl\/wp-json\/wp\/v2\/types\/page"}],"author":[{"embeddable":true,"href":"https:\/\/ringospincasino.net\/pl\/wp-json\/wp\/v2\/users\/9"}],"replies":[{"embeddable":true,"href":"https:\/\/ringospincasino.net\/pl\/wp-json\/wp\/v2\/comments?post=1420"}],"version-history":[{"count":2,"href":"https:\/\/ringospincasino.net\/pl\/wp-json\/wp\/v2\/pages\/1420\/revisions"}],"predecessor-version":[{"id":1760,"href":"https:\/\/ringospincasino.net\/pl\/wp-json\/wp\/v2\/pages\/1420\/revisions\/1760"}],"wp:attachment":[{"href":"https:\/\/ringospincasino.net\/pl\/wp-json\/wp\/v2\/media?parent=1420"}],"curies":[{"name":"wp","href":"https:\/\/api.w.org\/{rel}","templated":true}]}}