{"id":1418,"date":"2026-02-03T12:52:27","date_gmt":"2026-02-03T12:52:27","guid":{"rendered":"https:\/\/ringospincasino.net\/app\/"},"modified":"2026-02-03T15:00:32","modified_gmt":"2026-02-03T15:00:32","slug":"applicazione","status":"publish","type":"page","link":"https:\/\/ringospincasino.net\/it\/applicazione\/","title":{"rendered":"Applicazione"},"content":{"rendered":"<h1>Piattaforma mobile Ringo Spin<\/h1>\n<p>Ringospin app \u00e8 disponibile per dispositivi Android e iOS. L&#8217;app offre accesso completo a tutti i giochi e le funzioni. I giocatori italiani possono controllare e giocare in tempo reale ovunque si trovino. Il nostro software offre una navigazione comoda e un&#8217;interfaccia adattiva su qualsiasi schermo.<\/p>\n<div class=\"banner-wrap\" aria-label=\"Banner\"><img src=\"https:\/\/ringospincasino.net\/wp-content\/uploads\/2026\/02\/Ringospin-banner-carousel-932\u0445400-4.webp\" class=\"w-100 d-none d-lg-block img-pc main-banner-img\" alt=\"Ringospin banner desktop\" fetchpriority=\"high\" decoding=\"async\"><img src=\"https:\/\/ringospincasino.net\/wp-content\/uploads\/2026\/02\/Mobile-banner.webp\" class=\"w-100 d-none d-md-block d-lg-none main-banner-img\" alt=\"Ringospin mobile banner\" fetchpriority=\"high\" decoding=\"async\"><img src=\"https:\/\/ringospincasino.net\/wp-content\/uploads\/2026\/02\/Mobile-banner.webp\" class=\"w-100 d-md-none\" alt=\"Ringospin mobile banner\" fetchpriority=\"high\" decoding=\"async\"><div class=\"banner-description\">\n<div class=\"banner-title\">Bonus di benvenuto<\/div>\n<p class=\"banner-header-title\">1500 \u20ac<\/p>\n<div class=\"banner-header-AdditionalText\">+ 250 Giri gratuiti<\/div>\n<button data-item=\"homepage_banner_link\" class=\"goto m-button m-gradient-border m-button--primary m-button--large banner-button btn-orange\">\n            <div class=\"m-button-content\">\n                <span>Iscriviti ora<\/span>\n                <span><\/span>\n            <\/div>\n        <\/button>\n<\/div>\n<div class=\"WelcomePack\">\n<p><img loading=\"lazy\" decoding=\"async\" class=\"alignnone size-full wp-image-1335\" src=\"https:\/\/ringospincasino.net\/wp-content\/uploads\/2026\/02\/welcome-crown.png\" alt=\"welcome crown\" width=\"25\" height=\"26\" \/><\/p>\n<div class=\"WelcomePack-Info\">Cashback settimanale fino al 25%<\/div>\n<p><img loading=\"lazy\" decoding=\"async\" class=\"alignnone size-full wp-image-1335\" src=\"https:\/\/ringospincasino.net\/wp-content\/uploads\/2026\/02\/welcome-crown.png\" alt=\"welcome crown\" width=\"25\" height=\"26\" \/><\/p>\n<\/div>\n<\/div>\n<h2>Utilizzo di Ringospin su dispositivi mobili<\/h2>\n<p>L&#8217;app Ringospin offre tutte le funzionalit\u00e0 della piattaforma in formato mobile. \u00c8 progettata per un accesso e un controllo rapidi da qualsiasi luogo. La versione per PC beneficia di uno schermo pi\u00f9 grande, mentre l&#8217;app mobile \u00e8 incentrata sulla velocit\u00e0 e sull&#8217;interazione touch. Entrambe le versioni offrono un accesso sicuro alle slot online e a tutti i giochi.<\/p>\n<table>\n<tbody>\n<tr>\n<td>Caratteristica<\/td>\n<td>App mobile Ringospin<\/td>\n<td>Versione PC<\/td>\n<\/tr>\n<tr>\n<td>Metodo di accesso<\/td>\n<td>Accesso all&#8217;app da qualsiasi dispositivo<\/td>\n<td>Accesso tramite browser<\/td>\n<\/tr>\n<tr>\n<td>Stile di gioco<\/td>\n<td>Ottimizzato per il controllo touch<\/td>\n<td>Ottimizzato per mouse e tastiera<\/td>\n<\/tr>\n<tr>\n<td>Avvio della sessione<\/td>\n<td>Avvio immediato<\/td>\n<td>Richiede il caricamento del browser<\/td>\n<\/tr>\n<tr>\n<td>Notifiche<\/td>\n<td>Notifiche in-app e push<\/td>\n<td>Solo notifiche sul sito<\/td>\n<\/tr>\n<tr>\n<td>Portabilit\u00e0<\/td>\n<td>Riproduzione da qualsiasi posizione<\/td>\n<td>Fissato alla configurazione desktop<\/td>\n<\/tr>\n<tr>\n<td>Disponibilit\u00e0 delle funzionalit\u00e0<\/td>\n<td>Accesso completo alla piattaforma<\/td>\n<td>Accesso completo alla piattaforma<\/td>\n<\/tr>\n<\/tbody>\n<\/table>\n<p><div class=\"scrollable-content-wrap my-5\"><div class=\"scrollable-content-inner\"><h2>App mobile Ringospin per Android<\/h2>\n<p>L&#8217;app Ringospin per Android offre un accesso rapido a tutte le funzionalit\u00e0 del casin\u00f2 dal tuo dispositivo. Il software supporta tutti i tipi di giochi della nostra libreria, i pagamenti, la gestione dell&#8217;account e altro ancora. \u00c8 progettato per un utilizzo pi\u00f9 comodo su tutti gli smartphone e tablet Android. I giocatori ricevono notifiche di sistema su tutti gli aggiornamenti. Ad esempio, \u00e8 possibile ricevere aggiornamenti su tornei, promozioni e aggiornamenti della piattaforma.<\/p>\n<h3>PWA<\/h3>\n<p>La nostra app Ringospin \u00e8 progettata come un&#8217;applicazione web progressiva (PWA). Il formato PWA consente di installare il software istantaneamente senza file complicati. Funziona come un&#8217;applicazione web nel browser e si aggiorna automaticamente. Questo rende l&#8217;app Ringospin comoda e facile da usare quotidianamente.<\/p>\n<h3>APK<\/h3>\n<p>Non \u00e8 necessario scaricare l&#8217;APK Ringospin. I giocatori non devono andare su un app store. \u00c8 facile e veloce da installare dal nostro sito.<\/p>\n<p>Come installarla su Android:<\/p>\n<ol>\n<li>Scorri il sito web di Ringospin Casino fino alla fine della pagina principale.<\/li>\n<li>Tocca il pulsante &#8220;App Casin\u00f2&#8221;.<\/li>\n<li>Seleziona &#8220;Installa&#8221; e avvia l&#8217;app Ringospin dalla schermata iniziale.<\/li>\n<\/ol>\n<p><img loading=\"lazy\" decoding=\"async\" src=\"https:\/\/ringospincasino.net\/wp-content\/uploads\/2026\/02\/Ringospin-Android.webp\" alt=\"Ringospin Android\" width=\"1248\" height=\"536\" \/><\/p>\n<\/div><\/div><div style=\"clear: both\"><\/div><div class=\"d-flex justify-content-center\"><button data-item=\"decouvrez_link\" data-group=\"website_links\" class=\"goto fw-bold rounded-pill btn btn-orange\" aria-label=\"Scarica l&#039;app Ringospin\" >Scarica l&#039;app Ringospin<\/button><\/div><div class=\"scrollable-content-wrap my-5\"><div class=\"scrollable-content-inner\"><h2>App mobile Ringospin per iOS<\/h2>\n<p>L&#8217;app Ringospin per iOS \u00e8 ottimizzata per gli utenti iPhone e iPad. Il software funziona come un&#8217;app web tramite il browser Safari e non richiede il download dall&#8217;App Store. Funziona come una scorciatoia con accesso rapido a tutte le funzionalit\u00e0 del casin\u00f2. Questo formato supporta un caricamento veloce e un&#8217;esperienza di gioco stabile. I giocatori ricevono anche notifiche su tutti gli aggiornamenti di Ringospin. Un&#8217;icona speciale viene aggiunta alla schermata iniziale per un accesso rapido con un solo tocco.<\/p>\n<p>Come installare su iOS:<\/p>\n<ol>\n<li>Apri il sito web Ringo Spin utilizzando il browser Safari.<\/li>\n<li>Tocca l&#8217;icona &#8220;Condividi&#8221; nella parte inferiore dello schermo.<\/li>\n<li>Seleziona &#8220;Aggiungi alla schermata Home&#8221; dal menu.<\/li>\n<li>Conferma toccando &#8220;Aggiungi&#8221;.<\/li>\n<li>Avvia l&#8217;app Ringospin dalla schermata iniziale.<\/li>\n<\/ol>\n<p><img loading=\"lazy\" decoding=\"async\" src=\"https:\/\/ringospincasino.net\/wp-content\/uploads\/2026\/02\/Ringospin-iOS.webp\" alt=\"Ringospin iOS\" width=\"1248\" height=\"536\" \/><\/p>\n<\/div><\/div><div style=\"clear: both\"><\/div><div class=\"d-flex justify-content-center\"><button data-item=\"decouvrez_link\" data-group=\"website_links\" class=\"goto fw-bold rounded-pill btn btn-orange\" aria-label=\"Scarica Ringospin\" >Scarica Ringospin<\/button><\/div><div class=\"scrollable-content-wrap my-5\"><div class=\"scrollable-content-inner\"><h2>Applicazioni Windows e macOS<\/h2>\n<p>Ringospin Casino offre una soluzione desktop per Windows e macOS. La nostra piattaforma pu\u00f2 essere utilizzata come applicazione web per computer desktop senza la necessit\u00e0 di complicate installazioni di software aggiuntivi. I giocatori possono creare un collegamento per Ringo Spin come applicazione separata. Qui, tutte le funzionalit\u00e0 del casin\u00f2 mobile sono accessibili con un solo clic.<\/p>\n<p>L&#8217;app desktop Ringospin offre un caricamento veloce. L&#8217;interfaccia \u00e8 completamente ottimizzata per schermi di grandi dimensioni con streaming di alta qualit\u00e0 per i giochi con croupier dal vivo. I giocatori hanno pieno accesso ai giochi, ai depositi, ai prelievi e al processo di verifica. L&#8217;applicazione web per PC viene installata come collegamento di accesso rapido tramite un browser. Puoi andare alla pagina Ringo Spin e creare un collegamento nelle impostazioni del browser.<\/p>\n<p><img loading=\"lazy\" decoding=\"async\" src=\"https:\/\/ringospincasino.net\/wp-content\/uploads\/2026\/02\/Ringospin-Desktop.webp\" alt=\"Ringospin Desktop\" width=\"1248\" height=\"536\" \/><\/p>\n<\/div><\/div><div style=\"clear: both\"><\/div><div class=\"d-flex justify-content-center\"><button data-item=\"decouvrez_link\" data-group=\"website_links\" class=\"goto fw-bold rounded-pill btn btn-orange\" aria-label=\"Scarica l&#039;app Ringospin\" >Scarica l&#039;app Ringospin<\/button><\/div><div class=\"scrollable-content-wrap my-5\"><div class=\"scrollable-content-inner\"><h2>Domande frequenti<\/h2>\n<h3>\u00c8 necessario creare un account per utilizzare l&#8217;app Ringo Spin?<\/h3>\n<p>S\u00ec, per utilizzare l&#8217;app Ringospin \u00e8 necessaria la registrazione. Solo gli utenti autorizzati possono utilizzare il casin\u00f2: giocare, piazzare scommesse, partecipare ai tornei. Dopo la registrazione, i giocatori possono gestire i propri account, ad esempio verificare la propria identit\u00e0 e utilizzare strumenti di gioco responsabile. Senza un account, l&#8217;accesso al casin\u00f2 e ai giochi non \u00e8 disponibile.<\/p>\n<h3>L&#8217;app Ringo Spin Casino offre assistenza clienti?<\/h3>\n<p>S\u00ec, \u00e8 possibile contattare l&#8217;assistenza multilingue tramite l&#8217;app Ringospin Casino. I giocatori possono contattare il team di assistenza tramite la chat live dall&#8217;app Ringospin o tramite e-mail. L&#8217;assistenza \u00e8 disponibile 24 ore su 24 ed \u00e8 possibile contattarla per qualsiasi domanda. Il servizio di assistenza funziona in diverse lingue.<\/p>\n<h3>Come posso aggiornare l&#8217;app Ringospin Casino?<\/h3>\n<p>L&#8217;app Ringo Spin Casino si aggiorna automaticamente. Essendo un&#8217;app web progressiva, quando viene avviata esegue sempre l&#8217;ultima versione. Non \u00e8 necessario scaricare manualmente gli aggiornamenti o visitare l&#8217;app store. Gli ultimi miglioramenti di sicurezza e gli aggiornamenti della piattaforma vengono applicati in background ogni volta che si accede all&#8217;app Ringospin.<\/p>\n<\/div><\/div><\/p>\n","protected":false},"excerpt":{"rendered":"<p>Piattaforma mobile Ringo Spin Ringospin app \u00e8 disponibile per dispositivi Android e iOS. L&#8217;app offre accesso completo a tutti i giochi e le funzioni. I giocatori italiani possono controllare e giocare in tempo reale ovunque si trovino. Il nostro software offre una navigazione comoda e un&#8217;interfaccia adattiva su qualsiasi schermo. Utilizzo di Ringospin su dispositivi [&hellip;]<\/p>\n","protected":false},"author":9,"featured_media":0,"parent":0,"menu_order":0,"comment_status":"closed","ping_status":"closed","template":"template-builder.php","meta":{"_acf_changed":false,"inline_featured_image":false,"footnotes":""},"class_list":["post-1418","page","type-page","status-publish","hentry"],"acf":[],"yoast_head":"<!-- This site is optimized with the Yoast SEO plugin v24.4 - https:\/\/yoast.com\/wordpress\/plugins\/seo\/ -->\n<title>Ringospin App | Piattaforme iOS e Android<\/title>\n<meta name=\"description\" content=\"L&#039;app Ringospin offre un&#039;esperienza di gioco fluida su Android, iOS, Windows e macOS, con account sincronizzati, aggiornamenti regolari e assistenza clienti integrata per un&#039;esperienza senza intoppi.\" \/>\n<meta name=\"robots\" content=\"index, follow, max-snippet:-1, max-image-preview:large, max-video-preview:-1\" \/>\n<link rel=\"canonical\" href=\"https:\/\/ringospincasino.net\/it\/applicazione\/\" \/>\n<meta property=\"og:locale\" content=\"it_IT\" \/>\n<meta property=\"og:type\" content=\"article\" \/>\n<meta property=\"og:title\" content=\"Ringospin App | Piattaforme iOS e Android\" \/>\n<meta property=\"og:description\" content=\"L&#039;app Ringospin offre un&#039;esperienza di gioco fluida su Android, iOS, Windows e macOS, con account sincronizzati, aggiornamenti regolari e assistenza clienti integrata per un&#039;esperienza senza intoppi.\" \/>\n<meta property=\"og:url\" content=\"https:\/\/ringospincasino.net\/it\/applicazione\/\" \/>\n<meta property=\"og:site_name\" content=\"ringospin\" \/>\n<meta property=\"article:modified_time\" content=\"2026-02-03T15:00:32+00:00\" \/>\n<meta name=\"twitter:card\" content=\"summary_large_image\" \/>\n<meta name=\"twitter:label1\" content=\"Est. reading time\" \/>\n\t<meta name=\"twitter:data1\" content=\"1 minuto\" \/>\n<script type=\"application\/ld+json\" class=\"yoast-schema-graph\">{\"@context\":\"https:\/\/schema.org\",\"@graph\":[{\"@type\":\"WebPage\",\"@id\":\"https:\/\/ringospincasino.net\/it\/applicazione\/\",\"url\":\"https:\/\/ringospincasino.net\/it\/applicazione\/\",\"name\":\"Ringospin App | Piattaforme iOS e Android\",\"isPartOf\":{\"@id\":\"https:\/\/ringospincasino.net\/it\/#website\"},\"datePublished\":\"2026-02-03T12:52:27+00:00\",\"dateModified\":\"2026-02-03T15:00:32+00:00\",\"description\":\"L'app Ringospin offre un'esperienza di gioco fluida su Android, iOS, Windows e macOS, con account sincronizzati, aggiornamenti regolari e assistenza clienti integrata per un'esperienza senza intoppi.\",\"breadcrumb\":{\"@id\":\"https:\/\/ringospincasino.net\/it\/applicazione\/#breadcrumb\"},\"inLanguage\":\"it-IT\",\"potentialAction\":[{\"@type\":\"ReadAction\",\"target\":[\"https:\/\/ringospincasino.net\/it\/applicazione\/\"]}]},{\"@type\":\"BreadcrumbList\",\"@id\":\"https:\/\/ringospincasino.net\/it\/applicazione\/#breadcrumb\",\"itemListElement\":[{\"@type\":\"ListItem\",\"position\":1,\"name\":\"Ringospin\",\"item\":\"https:\/\/ringospincasino.net\/it\/\"},{\"@type\":\"ListItem\",\"position\":2,\"name\":\"Applicazione\"}]},{\"@type\":\"WebSite\",\"@id\":\"https:\/\/ringospincasino.net\/it\/#website\",\"url\":\"https:\/\/ringospincasino.net\/it\/\",\"name\":\"Ringospin\",\"description\":\"\",\"publisher\":{\"@id\":\"https:\/\/ringospincasino.net\/it\/#organization\"},\"potentialAction\":[{\"@type\":\"SearchAction\",\"target\":{\"@type\":\"EntryPoint\",\"urlTemplate\":\"https:\/\/ringospincasino.net\/it\/?s={search_term_string}\"},\"query-input\":{\"@type\":\"PropertyValueSpecification\",\"valueRequired\":true,\"valueName\":\"search_term_string\"}}],\"inLanguage\":\"it-IT\"},{\"@type\":\"Organization\",\"@id\":\"https:\/\/ringospincasino.net\/it\/#organization\",\"name\":\"Ringospin\",\"url\":\"https:\/\/ringospincasino.net\/it\/\",\"logo\":{\"@type\":\"ImageObject\",\"inLanguage\":\"it-IT\",\"@id\":\"https:\/\/ringospincasino.net\/it\/#\/schema\/logo\/image\/\",\"url\":\"https:\/\/ringospincasino.net\/wp-content\/uploads\/2026\/02\/logo-ringospin.png\",\"contentUrl\":\"https:\/\/ringospincasino.net\/wp-content\/uploads\/2026\/02\/logo-ringospin.png\",\"width\":278,\"height\":68,\"caption\":\"Ringospin\"},\"image\":{\"@id\":\"https:\/\/ringospincasino.net\/it\/#\/schema\/logo\/image\/\"}}]}<\/script>\n<!-- \/ Yoast SEO plugin. -->","yoast_head_json":{"title":"Ringospin App | Piattaforme iOS e Android","description":"L'app Ringospin offre un'esperienza di gioco fluida su Android, iOS, Windows e macOS, con account sincronizzati, aggiornamenti regolari e assistenza clienti integrata per un'esperienza senza intoppi.","robots":{"index":"index","follow":"follow","max-snippet":"max-snippet:-1","max-image-preview":"max-image-preview:large","max-video-preview":"max-video-preview:-1"},"canonical":"https:\/\/ringospincasino.net\/it\/applicazione\/","og_locale":"it_IT","og_type":"article","og_title":"Ringospin App | Piattaforme iOS e Android","og_description":"L'app Ringospin offre un'esperienza di gioco fluida su Android, iOS, Windows e macOS, con account sincronizzati, aggiornamenti regolari e assistenza clienti integrata per un'esperienza senza intoppi.","og_url":"https:\/\/ringospincasino.net\/it\/applicazione\/","og_site_name":"ringospin","article_modified_time":"2026-02-03T15:00:32+00:00","twitter_card":"summary_large_image","twitter_misc":{"Est. reading time":"1 minuto"},"schema":{"@context":"https:\/\/schema.org","@graph":[{"@type":"WebPage","@id":"https:\/\/ringospincasino.net\/it\/applicazione\/","url":"https:\/\/ringospincasino.net\/it\/applicazione\/","name":"Ringospin App | Piattaforme iOS e Android","isPartOf":{"@id":"https:\/\/ringospincasino.net\/it\/#website"},"datePublished":"2026-02-03T12:52:27+00:00","dateModified":"2026-02-03T15:00:32+00:00","description":"L'app Ringospin offre un'esperienza di gioco fluida su Android, iOS, Windows e macOS, con account sincronizzati, aggiornamenti regolari e assistenza clienti integrata per un'esperienza senza intoppi.","breadcrumb":{"@id":"https:\/\/ringospincasino.net\/it\/applicazione\/#breadcrumb"},"inLanguage":"it-IT","potentialAction":[{"@type":"ReadAction","target":["https:\/\/ringospincasino.net\/it\/applicazione\/"]}]},{"@type":"BreadcrumbList","@id":"https:\/\/ringospincasino.net\/it\/applicazione\/#breadcrumb","itemListElement":[{"@type":"ListItem","position":1,"name":"Ringospin","item":"https:\/\/ringospincasino.net\/it\/"},{"@type":"ListItem","position":2,"name":"Applicazione"}]},{"@type":"WebSite","@id":"https:\/\/ringospincasino.net\/it\/#website","url":"https:\/\/ringospincasino.net\/it\/","name":"Ringospin","description":"","publisher":{"@id":"https:\/\/ringospincasino.net\/it\/#organization"},"potentialAction":[{"@type":"SearchAction","target":{"@type":"EntryPoint","urlTemplate":"https:\/\/ringospincasino.net\/it\/?s={search_term_string}"},"query-input":{"@type":"PropertyValueSpecification","valueRequired":true,"valueName":"search_term_string"}}],"inLanguage":"it-IT"},{"@type":"Organization","@id":"https:\/\/ringospincasino.net\/it\/#organization","name":"Ringospin","url":"https:\/\/ringospincasino.net\/it\/","logo":{"@type":"ImageObject","inLanguage":"it-IT","@id":"https:\/\/ringospincasino.net\/it\/#\/schema\/logo\/image\/","url":"https:\/\/ringospincasino.net\/wp-content\/uploads\/2026\/02\/logo-ringospin.png","contentUrl":"https:\/\/ringospincasino.net\/wp-content\/uploads\/2026\/02\/logo-ringospin.png","width":278,"height":68,"caption":"Ringospin"},"image":{"@id":"https:\/\/ringospincasino.net\/it\/#\/schema\/logo\/image\/"}}]}},"_links":{"self":[{"href":"https:\/\/ringospincasino.net\/it\/wp-json\/wp\/v2\/pages\/1418"}],"collection":[{"href":"https:\/\/ringospincasino.net\/it\/wp-json\/wp\/v2\/pages"}],"about":[{"href":"https:\/\/ringospincasino.net\/it\/wp-json\/wp\/v2\/types\/page"}],"author":[{"embeddable":true,"href":"https:\/\/ringospincasino.net\/it\/wp-json\/wp\/v2\/users\/9"}],"replies":[{"embeddable":true,"href":"https:\/\/ringospincasino.net\/it\/wp-json\/wp\/v2\/comments?post=1418"}],"version-history":[{"count":2,"href":"https:\/\/ringospincasino.net\/it\/wp-json\/wp\/v2\/pages\/1418\/revisions"}],"predecessor-version":[{"id":1706,"href":"https:\/\/ringospincasino.net\/it\/wp-json\/wp\/v2\/pages\/1418\/revisions\/1706"}],"wp:attachment":[{"href":"https:\/\/ringospincasino.net\/it\/wp-json\/wp\/v2\/media?parent=1418"}],"curies":[{"name":"wp","href":"https:\/\/api.w.org\/{rel}","templated":true}]}}