{"id":1413,"date":"2026-02-03T12:52:27","date_gmt":"2026-02-03T12:52:27","guid":{"rendered":"https:\/\/ringospincasino.net\/app\/"},"modified":"2026-02-03T14:05:34","modified_gmt":"2026-02-03T14:05:34","slug":"app","status":"publish","type":"page","link":"https:\/\/ringospincasino.net\/fr\/app\/","title":{"rendered":"App"},"content":{"rendered":"<h1>Plateforme mobile Ringo Spin<\/h1>\n<p>Ringospin App est disponible pour les appareils Android et iOS. L&rsquo;application offre un acc\u00e8s complet \u00e0 tous les jeux et toutes les fonctionnalit\u00e9s. Les joueurs peuvent contr\u00f4ler et jouer en temps r\u00e9el o\u00f9 qu&rsquo;ils soient. Notre logiciel offre une navigation pratique et une interface adaptative sur n&rsquo;importe quel \u00e9cran.<\/p>\n<div class=\"banner-wrap\" aria-label=\"Banner\"><img src=\"https:\/\/ringospincasino.net\/wp-content\/uploads\/2026\/02\/Ringospin-banner-carousel-932\u0445400-4.webp\" class=\"w-100 d-none d-lg-block img-pc main-banner-img\" alt=\"Ringospin banner desktop\" fetchpriority=\"high\" decoding=\"async\"><img src=\"https:\/\/ringospincasino.net\/wp-content\/uploads\/2026\/02\/Mobile-banner.webp\" class=\"w-100 d-none d-md-block d-lg-none main-banner-img\" alt=\"Ringospin mobile banner\" fetchpriority=\"high\" decoding=\"async\"><img src=\"https:\/\/ringospincasino.net\/wp-content\/uploads\/2026\/02\/Mobile-banner.webp\" class=\"w-100 d-md-none\" alt=\"Ringospin mobile banner\" fetchpriority=\"high\" decoding=\"async\"><div class=\"banner-description\">\n<div class=\"banner-title\">Bonus de bienvenue<\/div>\n<p class=\"banner-header-title\">1500 \u20ac<\/p>\n<div class=\"banner-header-AdditionalText\">+ 250 Tours gratuits<\/div>\n<button data-item=\"homepage_banner_link\" class=\"goto m-button m-gradient-border m-button--primary m-button--large banner-button btn-orange\">\n            <div class=\"m-button-content\">\n                <span>Inscrivez-vous d\u00e8s maintenant<\/span>\n                <span><\/span>\n            <\/div>\n        <\/button>\n<\/div>\n<div class=\"WelcomePack\">\n<p><img loading=\"lazy\" decoding=\"async\" class=\"alignnone size-full wp-image-1335\" src=\"https:\/\/ringospincasino.net\/wp-content\/uploads\/2026\/02\/welcome-crown.png\" alt=\"welcome crown\" width=\"25\" height=\"26\" \/><\/p>\n<div class=\"WelcomePack-Info\">Cashback hebdomadaire jusqu&rsquo;\u00e0 25 %<\/div>\n<p><img loading=\"lazy\" decoding=\"async\" class=\"alignnone size-full wp-image-1335\" src=\"https:\/\/ringospincasino.net\/wp-content\/uploads\/2026\/02\/welcome-crown.png\" alt=\"welcome crown\" width=\"25\" height=\"26\" \/><\/p>\n<\/div>\n<\/div>\n<h2>Utilisation de Ringospin sur mobile<\/h2>\n<p>L&rsquo;application Ringospin offre toutes les fonctionnalit\u00e9s de la plateforme dans un format mobile. Elle est con\u00e7ue pour un acc\u00e8s et un contr\u00f4le rapides depuis n&rsquo;importe o\u00f9. La version PC b\u00e9n\u00e9ficie d&rsquo;un \u00e9cran plus grand, tandis que l&rsquo;application mobile est ax\u00e9e sur la vitesse et l&rsquo;interaction tactile. Les deux versions offrent un acc\u00e8s s\u00e9curis\u00e9 aux machines \u00e0 sous en ligne et \u00e0 tous les jeux.<\/p>\n<table>\n<tbody>\n<tr>\n<td>Fonctionnalit\u00e9<\/td>\n<td>Application mobile Ringospin<\/td>\n<td>Version PC<\/td>\n<\/tr>\n<tr>\n<td>M\u00e9thode d&rsquo;acc\u00e8s<\/td>\n<td>Acc\u00e8s \u00e0 l&rsquo;application depuis n&rsquo;importe quel appareil<\/td>\n<td>Acc\u00e8s via un navigateur<\/td>\n<\/tr>\n<tr>\n<td>Style de jeu<\/td>\n<td>Optimis\u00e9 pour les commandes tactiles<\/td>\n<td>Optimis\u00e9 pour la souris et le clavier<\/td>\n<\/tr>\n<tr>\n<td>D\u00e9marrage de la session<\/td>\n<td>Lancement instantan\u00e9<\/td>\n<td>N\u00e9cessite le chargement du navigateur<\/td>\n<\/tr>\n<tr>\n<td>Notifications<\/td>\n<td>Notifications dans l&rsquo;application et notifications push<\/td>\n<td>Notifications sur site uniquement<\/td>\n<\/tr>\n<tr>\n<td>Portabilit\u00e9<\/td>\n<td>Jouez depuis n&rsquo;importe quel endroit<\/td>\n<td>Limit\u00e9 \u00e0 la configuration du bureau<\/td>\n<\/tr>\n<tr>\n<td>Disponibilit\u00e9 des fonctionnalit\u00e9s<\/td>\n<td>Acc\u00e8s complet \u00e0 la plateforme<\/td>\n<td>Acc\u00e8s complet \u00e0 la plateforme<\/td>\n<\/tr>\n<\/tbody>\n<\/table>\n<p><div class=\"scrollable-content-wrap my-5\"><div class=\"scrollable-content-inner\"><h2>Application mobile Ringospin pour Android<\/h2>\n<p>L&rsquo;application Ringospin pour Android vous permet d&rsquo;acc\u00e9der rapidement \u00e0 toutes les fonctionnalit\u00e9s du casino depuis votre appareil. Le logiciel prend en charge tous les types de jeux de notre biblioth\u00e8que, les paiements, la gestion des comptes, et bien plus encore. Il est con\u00e7u pour une utilisation plus pratique sur tous les smartphones et tablettes Android. Les joueurs re\u00e7oivent des notifications syst\u00e8me concernant toutes les mises \u00e0 jour. Par exemple, vous pouvez recevoir des mises \u00e0 jour concernant les tournois, les promotions et les mises \u00e0 jour de la plateforme.<\/p>\n<h3>PWA<\/h3>\n<p>Notre application Ringospin est con\u00e7ue comme une application web progressive (PWA). Le format PWA vous permet d&rsquo;installer le logiciel instantan\u00e9ment sans aucun fichier compliqu\u00e9. Elle fonctionne comme une application web dans votre navigateur et se met \u00e0 jour automatiquement. Cela rend l&rsquo;application Ringospin pratique et facile \u00e0 utiliser au quotidien.<\/p>\n<h3>APK<\/h3>\n<p>Aucun t\u00e9l\u00e9chargement de l&rsquo;APK Ringospin n&rsquo;est n\u00e9cessaire. Les joueurs n&rsquo;ont pas besoin de se rendre sur un magasin d&rsquo;applications. L&rsquo;installation depuis notre site est facile et rapide.<\/p>\n<p>Comment l&rsquo;installer sur Android :<\/p>\n<ol>\n<li>Faites d\u00e9filer le site web Ringospin Casino jusqu&rsquo;au bas de la page principale.<\/li>\n<li>Appuyez sur le bouton \u00ab Casino App \u00bb.<\/li>\n<li>S\u00e9lectionnez \u00ab Installer \u00bb, puis lancez l&rsquo;application Ringospin depuis votre \u00e9cran d&rsquo;accueil.<\/li>\n<\/ol>\n<p><img loading=\"lazy\" decoding=\"async\" src=\"https:\/\/ringospincasino.net\/wp-content\/uploads\/2026\/02\/Ringospin-Android.webp\" alt=\"Ringospin Android\" width=\"1248\" height=\"536\" \/><\/p>\n<\/div><\/div><div style=\"clear: both\"><\/div><div class=\"d-flex justify-content-center\"><button data-item=\"decouvrez_link\" data-group=\"website_links\" class=\"goto fw-bold rounded-pill btn btn-orange\" aria-label=\"T\u00e9l\u00e9chargez l&#039;application Ringospin\" >T\u00e9l\u00e9chargez l&#039;application Ringospin<\/button><\/div><div class=\"scrollable-content-wrap my-5\"><div class=\"scrollable-content-inner\"><h2>Application mobile Ringospin pour iOS<\/h2>\n<p>L&rsquo;application Ringospin pour iOS est optimis\u00e9e pour les utilisateurs d&rsquo;iPhone et d&rsquo;iPad. Le logiciel fonctionne comme une application web via le navigateur Safari et ne n\u00e9cessite pas de t\u00e9l\u00e9chargement depuis l&rsquo;App Store. Il fonctionne comme un raccourci permettant d&rsquo;acc\u00e9der rapidement \u00e0 toutes les fonctionnalit\u00e9s du casino. Ce format permet un chargement rapide et une exp\u00e9rience de jeu stable. Les joueurs re\u00e7oivent \u00e9galement des notifications concernant toutes les mises \u00e0 jour de Ringospin. Une ic\u00f4ne sp\u00e9ciale est ajout\u00e9e \u00e0 l&rsquo;\u00e9cran d&rsquo;accueil pour un acc\u00e8s rapide d&rsquo;un simple clic.<\/p>\n<p>Comment l&rsquo;installer sur iOS :<\/p>\n<ol>\n<li>Ouvrez le site web Ringo Spin \u00e0 l&rsquo;aide du navigateur Safari.<\/li>\n<li>Appuyez sur l&rsquo;ic\u00f4ne \u00ab Partager \u00bb en bas de l&rsquo;\u00e9cran.<\/li>\n<li>S\u00e9lectionnez \u00ab Ajouter \u00e0 l&rsquo;\u00e9cran d&rsquo;accueil \u00bb dans le menu.<\/li>\n<li>Confirmez en appuyant sur \u00ab Ajouter \u00bb.<\/li>\n<li>Lancez l&rsquo;application Ringospin depuis votre \u00e9cran d&rsquo;accueil.<\/li>\n<\/ol>\n<p><img loading=\"lazy\" decoding=\"async\" src=\"https:\/\/ringospincasino.net\/wp-content\/uploads\/2026\/02\/Ringospin-iOS.webp\" alt=\"Ringospin iOS\" width=\"1248\" height=\"536\" \/><\/p>\n<\/div><\/div><div style=\"clear: both\"><\/div><div class=\"d-flex justify-content-center\"><button data-item=\"decouvrez_link\" data-group=\"website_links\" class=\"goto fw-bold rounded-pill btn btn-orange\" aria-label=\"T\u00e9l\u00e9charger Ringospin\" >T\u00e9l\u00e9charger Ringospin<\/button><\/div><div class=\"scrollable-content-wrap my-5\"><div class=\"scrollable-content-inner\"><h2>Applications Windows et macOS<\/h2>\n<p>Ringospin Casino propose une solution de bureau pour Windows et macOS. Notre plateforme peut \u00eatre utilis\u00e9e comme une application web pour les ordinateurs de bureau sans n\u00e9cessiter l&rsquo;installation compliqu\u00e9e de logiciels suppl\u00e9mentaires. Les joueurs peuvent cr\u00e9er un raccourci pour Ringo Spin en tant qu&rsquo;application distincte. Ici, toutes les fonctionnalit\u00e9s du casino mobile sont accessibles en un seul clic.<\/p>\n<p>L&rsquo;application Ringospin pour ordinateur de bureau offre un chargement rapide. L&rsquo;interface est enti\u00e8rement optimis\u00e9e pour les grands \u00e9crans avec un streaming de haute qualit\u00e9 pour les jeux avec croupier en direct. Les joueurs ont un acc\u00e8s complet aux jeux, aux d\u00e9p\u00f4ts, aux retraits et au processus de v\u00e9rification. L&rsquo;application web pour PC est install\u00e9e sous forme de raccourci d&rsquo;acc\u00e8s rapide via un navigateur. Vous pouvez vous rendre sur la page Ringo Spin et cr\u00e9er un raccourci dans les param\u00e8tres de votre navigateur.<\/p>\n<p><img loading=\"lazy\" decoding=\"async\" src=\"https:\/\/ringospincasino.net\/wp-content\/uploads\/2026\/02\/Ringospin-Desktop.webp\" alt=\"Ringospin Desktop\" width=\"1248\" height=\"536\" \/><\/p>\n<\/div><\/div><div style=\"clear: both\"><\/div><div class=\"d-flex justify-content-center\"><button data-item=\"decouvrez_link\" data-group=\"website_links\" class=\"goto fw-bold rounded-pill btn btn-orange\" aria-label=\"T\u00e9l\u00e9chargez l&#039;application Ringospin\" >T\u00e9l\u00e9chargez l&#039;application Ringospin<\/button><\/div><div class=\"scrollable-content-wrap my-5\"><div class=\"scrollable-content-inner\"><h2>FAQ<\/h2>\n<h3>Faut-il cr\u00e9er un compte pour utiliser l&rsquo;application Ringo Spin ?<\/h3>\n<p>Oui, l&rsquo;inscription est obligatoire pour utiliser l&rsquo;application Ringospin. Seuls les utilisateurs autoris\u00e9s peuvent utiliser le casino : jouer \u00e0 des jeux, placer des paris, participer \u00e0 des tournois. Apr\u00e8s leur inscription, les joueurs peuvent g\u00e9rer leur compte, par exemple v\u00e9rifier leur identit\u00e9 et utiliser des outils de jeu responsable. Sans compte, l&rsquo;acc\u00e8s au casino et aux jeux n&rsquo;est pas possible.<\/p>\n<h3>L&rsquo;application Ringo Spin Casino offre-t-elle un service client\u00e8le ?<\/h3>\n<p>Oui, vous pouvez contacter le service d&rsquo;assistance multilingue via l&rsquo;application Ringospin Casino. Les joueurs peuvent contacter l&rsquo;\u00e9quipe d&rsquo;assistance via le chat en direct de l&rsquo;application Ringospin ou par e-mail. L&rsquo;aide est disponible 24 heures sur 24 et vous pouvez contacter l&rsquo;assistance pour toute question. Le service d&rsquo;assistance fonctionne en plusieurs langues.<\/p>\n<h3>Comment puis-je mettre \u00e0 jour l&rsquo;application Ringospin Casino ?<\/h3>\n<p>L&rsquo;application Ringo Spin Casino se met \u00e0 jour automatiquement. En tant qu&rsquo;application web progressive, elle fonctionne toujours avec la derni\u00e8re version lorsqu&rsquo;elle est lanc\u00e9e. Il n&rsquo;est pas n\u00e9cessaire de t\u00e9l\u00e9charger manuellement les mises \u00e0 jour ou de se rendre sur l&rsquo;App Store. Les derni\u00e8res am\u00e9liorations en mati\u00e8re de s\u00e9curit\u00e9 et les mises \u00e0 jour de la plateforme sont appliqu\u00e9es en arri\u00e8re-plan chaque fois que vous vous connectez \u00e0 l&rsquo;application Ringospin.<\/p>\n<\/div><\/div><\/p>\n","protected":false},"excerpt":{"rendered":"<p>Plateforme mobile Ringo Spin Ringospin App est disponible pour les appareils Android et iOS. L&rsquo;application offre un acc\u00e8s complet \u00e0 tous les jeux et toutes les fonctionnalit\u00e9s. Les joueurs peuvent contr\u00f4ler et jouer en temps r\u00e9el o\u00f9 qu&rsquo;ils soient. Notre logiciel offre une navigation pratique et une interface adaptative sur n&rsquo;importe quel \u00e9cran. Utilisation de [&hellip;]<\/p>\n","protected":false},"author":9,"featured_media":0,"parent":0,"menu_order":0,"comment_status":"closed","ping_status":"closed","template":"template-builder.php","meta":{"_acf_changed":false,"inline_featured_image":false,"footnotes":""},"class_list":["post-1413","page","type-page","status-publish","hentry"],"acf":[],"yoast_head":"<!-- This site is optimized with the Yoast SEO plugin v24.4 - https:\/\/yoast.com\/wordpress\/plugins\/seo\/ -->\n<title>Ringospin App | Plateformes iOS et Android<\/title>\n<meta name=\"description\" content=\"L&#039;application Ringospin offre une exp\u00e9rience de jeu fluide sur Android, iOS, Windows et macOS, avec des comptes synchronis\u00e9s, des mises \u00e0 jour r\u00e9guli\u00e8res et un service client int\u00e9gr\u00e9 pour une exp\u00e9rience sans souci.\" \/>\n<meta name=\"robots\" content=\"index, follow, max-snippet:-1, max-image-preview:large, max-video-preview:-1\" \/>\n<link rel=\"canonical\" href=\"https:\/\/ringospincasino.net\/fr\/app\/\" \/>\n<meta property=\"og:locale\" content=\"fr_FR\" \/>\n<meta property=\"og:type\" content=\"article\" \/>\n<meta property=\"og:title\" content=\"Ringospin App | Plateformes iOS et Android\" \/>\n<meta property=\"og:description\" content=\"L&#039;application Ringospin offre une exp\u00e9rience de jeu fluide sur Android, iOS, Windows et macOS, avec des comptes synchronis\u00e9s, des mises \u00e0 jour r\u00e9guli\u00e8res et un service client int\u00e9gr\u00e9 pour une exp\u00e9rience sans souci.\" \/>\n<meta property=\"og:url\" content=\"https:\/\/ringospincasino.net\/fr\/app\/\" \/>\n<meta property=\"og:site_name\" content=\"ringospin\" \/>\n<meta property=\"article:modified_time\" content=\"2026-02-03T14:05:34+00:00\" \/>\n<meta name=\"twitter:card\" content=\"summary_large_image\" \/>\n<meta name=\"twitter:label1\" content=\"Dur\u00e9e de lecture estim\u00e9e\" \/>\n\t<meta name=\"twitter:data1\" content=\"1 minute\" \/>\n<script type=\"application\/ld+json\" class=\"yoast-schema-graph\">{\"@context\":\"https:\/\/schema.org\",\"@graph\":[{\"@type\":\"WebPage\",\"@id\":\"https:\/\/ringospincasino.net\/fr\/app\/\",\"url\":\"https:\/\/ringospincasino.net\/fr\/app\/\",\"name\":\"Ringospin App | Plateformes iOS et Android\",\"isPartOf\":{\"@id\":\"https:\/\/ringospincasino.net\/fr\/#website\"},\"datePublished\":\"2026-02-03T12:52:27+00:00\",\"dateModified\":\"2026-02-03T14:05:34+00:00\",\"description\":\"L'application Ringospin offre une exp\u00e9rience de jeu fluide sur Android, iOS, Windows et macOS, avec des comptes synchronis\u00e9s, des mises \u00e0 jour r\u00e9guli\u00e8res et un service client int\u00e9gr\u00e9 pour une exp\u00e9rience sans souci.\",\"breadcrumb\":{\"@id\":\"https:\/\/ringospincasino.net\/fr\/app\/#breadcrumb\"},\"inLanguage\":\"fr-FR\",\"potentialAction\":[{\"@type\":\"ReadAction\",\"target\":[\"https:\/\/ringospincasino.net\/fr\/app\/\"]}]},{\"@type\":\"BreadcrumbList\",\"@id\":\"https:\/\/ringospincasino.net\/fr\/app\/#breadcrumb\",\"itemListElement\":[{\"@type\":\"ListItem\",\"position\":1,\"name\":\"Ringospin\",\"item\":\"https:\/\/ringospincasino.net\/fr\/\"},{\"@type\":\"ListItem\",\"position\":2,\"name\":\"App\"}]},{\"@type\":\"WebSite\",\"@id\":\"https:\/\/ringospincasino.net\/fr\/#website\",\"url\":\"https:\/\/ringospincasino.net\/fr\/\",\"name\":\"Ringospin\",\"description\":\"\",\"publisher\":{\"@id\":\"https:\/\/ringospincasino.net\/fr\/#organization\"},\"potentialAction\":[{\"@type\":\"SearchAction\",\"target\":{\"@type\":\"EntryPoint\",\"urlTemplate\":\"https:\/\/ringospincasino.net\/fr\/?s={search_term_string}\"},\"query-input\":{\"@type\":\"PropertyValueSpecification\",\"valueRequired\":true,\"valueName\":\"search_term_string\"}}],\"inLanguage\":\"fr-FR\"},{\"@type\":\"Organization\",\"@id\":\"https:\/\/ringospincasino.net\/fr\/#organization\",\"name\":\"Ringospin\",\"url\":\"https:\/\/ringospincasino.net\/fr\/\",\"logo\":{\"@type\":\"ImageObject\",\"inLanguage\":\"fr-FR\",\"@id\":\"https:\/\/ringospincasino.net\/fr\/#\/schema\/logo\/image\/\",\"url\":\"https:\/\/ringospincasino.net\/wp-content\/uploads\/2026\/02\/logo-ringospin.png\",\"contentUrl\":\"https:\/\/ringospincasino.net\/wp-content\/uploads\/2026\/02\/logo-ringospin.png\",\"width\":278,\"height\":68,\"caption\":\"Ringospin\"},\"image\":{\"@id\":\"https:\/\/ringospincasino.net\/fr\/#\/schema\/logo\/image\/\"}}]}<\/script>\n<!-- \/ Yoast SEO plugin. -->","yoast_head_json":{"title":"Ringospin App | Plateformes iOS et Android","description":"L'application Ringospin offre une exp\u00e9rience de jeu fluide sur Android, iOS, Windows et macOS, avec des comptes synchronis\u00e9s, des mises \u00e0 jour r\u00e9guli\u00e8res et un service client int\u00e9gr\u00e9 pour une exp\u00e9rience sans souci.","robots":{"index":"index","follow":"follow","max-snippet":"max-snippet:-1","max-image-preview":"max-image-preview:large","max-video-preview":"max-video-preview:-1"},"canonical":"https:\/\/ringospincasino.net\/fr\/app\/","og_locale":"fr_FR","og_type":"article","og_title":"Ringospin App | Plateformes iOS et Android","og_description":"L'application Ringospin offre une exp\u00e9rience de jeu fluide sur Android, iOS, Windows et macOS, avec des comptes synchronis\u00e9s, des mises \u00e0 jour r\u00e9guli\u00e8res et un service client int\u00e9gr\u00e9 pour une exp\u00e9rience sans souci.","og_url":"https:\/\/ringospincasino.net\/fr\/app\/","og_site_name":"ringospin","article_modified_time":"2026-02-03T14:05:34+00:00","twitter_card":"summary_large_image","twitter_misc":{"Dur\u00e9e de lecture estim\u00e9e":"1 minute"},"schema":{"@context":"https:\/\/schema.org","@graph":[{"@type":"WebPage","@id":"https:\/\/ringospincasino.net\/fr\/app\/","url":"https:\/\/ringospincasino.net\/fr\/app\/","name":"Ringospin App | Plateformes iOS et Android","isPartOf":{"@id":"https:\/\/ringospincasino.net\/fr\/#website"},"datePublished":"2026-02-03T12:52:27+00:00","dateModified":"2026-02-03T14:05:34+00:00","description":"L'application Ringospin offre une exp\u00e9rience de jeu fluide sur Android, iOS, Windows et macOS, avec des comptes synchronis\u00e9s, des mises \u00e0 jour r\u00e9guli\u00e8res et un service client int\u00e9gr\u00e9 pour une exp\u00e9rience sans souci.","breadcrumb":{"@id":"https:\/\/ringospincasino.net\/fr\/app\/#breadcrumb"},"inLanguage":"fr-FR","potentialAction":[{"@type":"ReadAction","target":["https:\/\/ringospincasino.net\/fr\/app\/"]}]},{"@type":"BreadcrumbList","@id":"https:\/\/ringospincasino.net\/fr\/app\/#breadcrumb","itemListElement":[{"@type":"ListItem","position":1,"name":"Ringospin","item":"https:\/\/ringospincasino.net\/fr\/"},{"@type":"ListItem","position":2,"name":"App"}]},{"@type":"WebSite","@id":"https:\/\/ringospincasino.net\/fr\/#website","url":"https:\/\/ringospincasino.net\/fr\/","name":"Ringospin","description":"","publisher":{"@id":"https:\/\/ringospincasino.net\/fr\/#organization"},"potentialAction":[{"@type":"SearchAction","target":{"@type":"EntryPoint","urlTemplate":"https:\/\/ringospincasino.net\/fr\/?s={search_term_string}"},"query-input":{"@type":"PropertyValueSpecification","valueRequired":true,"valueName":"search_term_string"}}],"inLanguage":"fr-FR"},{"@type":"Organization","@id":"https:\/\/ringospincasino.net\/fr\/#organization","name":"Ringospin","url":"https:\/\/ringospincasino.net\/fr\/","logo":{"@type":"ImageObject","inLanguage":"fr-FR","@id":"https:\/\/ringospincasino.net\/fr\/#\/schema\/logo\/image\/","url":"https:\/\/ringospincasino.net\/wp-content\/uploads\/2026\/02\/logo-ringospin.png","contentUrl":"https:\/\/ringospincasino.net\/wp-content\/uploads\/2026\/02\/logo-ringospin.png","width":278,"height":68,"caption":"Ringospin"},"image":{"@id":"https:\/\/ringospincasino.net\/fr\/#\/schema\/logo\/image\/"}}]}},"_links":{"self":[{"href":"https:\/\/ringospincasino.net\/fr\/wp-json\/wp\/v2\/pages\/1413"}],"collection":[{"href":"https:\/\/ringospincasino.net\/fr\/wp-json\/wp\/v2\/pages"}],"about":[{"href":"https:\/\/ringospincasino.net\/fr\/wp-json\/wp\/v2\/types\/page"}],"author":[{"embeddable":true,"href":"https:\/\/ringospincasino.net\/fr\/wp-json\/wp\/v2\/users\/9"}],"replies":[{"embeddable":true,"href":"https:\/\/ringospincasino.net\/fr\/wp-json\/wp\/v2\/comments?post=1413"}],"version-history":[{"count":2,"href":"https:\/\/ringospincasino.net\/fr\/wp-json\/wp\/v2\/pages\/1413\/revisions"}],"predecessor-version":[{"id":1555,"href":"https:\/\/ringospincasino.net\/fr\/wp-json\/wp\/v2\/pages\/1413\/revisions\/1555"}],"wp:attachment":[{"href":"https:\/\/ringospincasino.net\/fr\/wp-json\/wp\/v2\/media?parent=1413"}],"curies":[{"name":"wp","href":"https:\/\/api.w.org\/{rel}","templated":true}]}}