{"id":1422,"date":"2026-02-03T12:52:27","date_gmt":"2026-02-03T12:52:27","guid":{"rendered":"https:\/\/ringospincasino.net\/app-2\/"},"modified":"2026-02-03T15:32:52","modified_gmt":"2026-02-03T15:32:52","slug":"aplicacion","status":"publish","type":"page","link":"https:\/\/ringospincasino.net\/es\/aplicacion\/","title":{"rendered":"Aplicaci\u00f3n"},"content":{"rendered":"<h1>Plataforma m\u00f3vil Ringo Spin<\/h1>\n<p>La Ringospin app est\u00e1 disponible para dispositivos Android e iOS. La aplicaci\u00f3n proporciona acceso completo a todos los juegos y funciones. Los jugadores espa\u00f1oles pueden controlar y jugar en tiempo real desde cualquier lugar. Nuestro software ofrece una navegaci\u00f3n c\u00f3moda y una interfaz adaptable a cualquier pantalla.<\/p>\n<div class=\"banner-wrap\" aria-label=\"Banner\"><img src=\"https:\/\/ringospincasino.net\/wp-content\/uploads\/2026\/02\/Ringospin-banner-carousel-932\u0445400-4.webp\" class=\"w-100 d-none d-lg-block img-pc main-banner-img\" alt=\"Ringospin banner desktop\" fetchpriority=\"high\" decoding=\"async\"><img src=\"https:\/\/ringospincasino.net\/wp-content\/uploads\/2026\/02\/Mobile-banner.webp\" class=\"w-100 d-none d-md-block d-lg-none main-banner-img\" alt=\"Ringospin mobile banner\" fetchpriority=\"high\" decoding=\"async\"><img src=\"https:\/\/ringospincasino.net\/wp-content\/uploads\/2026\/02\/Mobile-banner.webp\" class=\"w-100 d-md-none\" alt=\"Ringospin mobile banner\" fetchpriority=\"high\" decoding=\"async\"><div class=\"banner-description\">\n<div class=\"banner-title\">Bonos de bienvenida<\/div>\n<p class=\"banner-header-title\">1500 \u20ac<\/p>\n<div class=\"banner-header-AdditionalText\">+ 250 Tiradas gratis<\/div>\n<button data-item=\"homepage_banner_link\" class=\"goto m-button m-gradient-border m-button--primary m-button--large banner-button btn-orange\">\n            <div class=\"m-button-content\">\n                <span>Reg\u00edstrate ahora<\/span>\n                <span><\/span>\n            <\/div>\n        <\/button>\n<\/div>\n<div class=\"WelcomePack\">\n<p><img loading=\"lazy\" decoding=\"async\" class=\"alignnone size-full wp-image-1335\" src=\"https:\/\/ringospincasino.net\/wp-content\/uploads\/2026\/02\/welcome-crown.png\" alt=\"welcome crown\" width=\"25\" height=\"26\" \/><\/p>\n<div class=\"WelcomePack-Info\">Reembolso semanal de hasta el 25 %<\/div>\n<p><img loading=\"lazy\" decoding=\"async\" class=\"alignnone size-full wp-image-1335\" src=\"https:\/\/ringospincasino.net\/wp-content\/uploads\/2026\/02\/welcome-crown.png\" alt=\"welcome crown\" width=\"25\" height=\"26\" \/><\/p>\n<\/div>\n<\/div>\n<h2>Usar Ringospin en el m\u00f3vil<\/h2>\n<p>La aplicaci\u00f3n Ringospin ofrece todas las funciones de la plataforma en formato m\u00f3vil. Est\u00e1 dise\u00f1ada para un acceso y control r\u00e1pidos desde cualquier lugar. La versi\u00f3n para PC se beneficia de una pantalla m\u00e1s grande, mientras que la aplicaci\u00f3n m\u00f3vil se centra en la velocidad y la interacci\u00f3n t\u00e1ctil. Ambas versiones proporcionan un acceso seguro a las tragamonedas en l\u00ednea y a todos los juegos.<\/p>\n<table>\n<tbody>\n<tr>\n<td>Caracter\u00edstica<\/td>\n<td>Aplicaci\u00f3n m\u00f3vil Ringospin<\/td>\n<td>Versi\u00f3n para PC<\/td>\n<\/tr>\n<tr>\n<td>M\u00e9todo de acceso<\/td>\n<td>Acceso a la aplicaci\u00f3n desde cualquier dispositivo<\/td>\n<td>Acceso basado en navegador<\/td>\n<\/tr>\n<tr>\n<td>Estilo de juego<\/td>\n<td>Optimizado para control t\u00e1ctil<\/td>\n<td>Optimizado para rat\u00f3n y teclado<\/td>\n<\/tr>\n<tr>\n<td>Inicio de sesi\u00f3n<\/td>\n<td>Inicio instant\u00e1neo<\/td>\n<td>Requiere carga del navegador<\/td>\n<\/tr>\n<tr>\n<td>Notificaciones<\/td>\n<td>Notificaciones en la aplicaci\u00f3n y notificaciones push<\/td>\n<td>Solo notificaciones en el sitio<\/td>\n<\/tr>\n<tr>\n<td>Portabilidad<\/td>\n<td>Reproducci\u00f3n desde cualquier lugar<\/td>\n<td>Fijado a la configuraci\u00f3n del escritorio<\/td>\n<\/tr>\n<tr>\n<td>Disponibilidad de funciones<\/td>\n<td>Acceso completo a la plataforma<\/td>\n<td>Acceso completo a la plataforma<\/td>\n<\/tr>\n<\/tbody>\n<\/table>\n<p><div class=\"scrollable-content-wrap my-5\"><div class=\"scrollable-content-inner\"><h2>Aplicaci\u00f3n m\u00f3vil Ringospin para Android<\/h2>\n<p>La aplicaci\u00f3n Ringospin para Android proporciona un acceso r\u00e1pido a todas las funciones del casino desde tu dispositivo. El software es compatible con todos los tipos de juegos de nuestra biblioteca, pagos, gesti\u00f3n de cuentas y mucho m\u00e1s. Est\u00e1 dise\u00f1ada para un uso m\u00e1s c\u00f3modo en todos los smartphones y tabletas Android. Los jugadores reciben notificaciones del sistema sobre todas las actualizaciones. Por ejemplo, puedes recibir actualizaciones sobre torneos, promociones y actualizaciones de la plataforma.<\/p>\n<h3>PWA<\/h3>\n<p>Nuestra aplicaci\u00f3n Ringospin est\u00e1 dise\u00f1ada como una aplicaci\u00f3n web progresiva (PWA). El formato PWA le permite instalar el software al instante sin archivos complicados. Se ejecuta como una aplicaci\u00f3n web en su navegador y se actualiza autom\u00e1ticamente. Esto hace que la aplicaci\u00f3n Ringospin sea c\u00f3moda y f\u00e1cil de usar a diario.<\/p>\n<h3>APK<\/h3>\n<p>No es necesario descargar el APK de Ringospin. Los jugadores no tienen que ir a una tienda de aplicaciones. Es f\u00e1cil y r\u00e1pido de instalar desde nuestro sitio web.<\/p>\n<p>C\u00f3mo instalar en Android:<\/p>\n<ol>\n<li>Despl\u00e1cese hasta la parte inferior de la p\u00e1gina principal del sitio web de Ringospin Casino.<\/li>\n<li>Pulsa el bot\u00f3n \u00abAplicaci\u00f3n del casino\u00bb.<\/li>\n<li>Seleccione \u00abInstalar\u00bb y, a continuaci\u00f3n, inicie la aplicaci\u00f3n Ringospin desde su pantalla de inicio.<\/li>\n<\/ol>\n<p><img loading=\"lazy\" decoding=\"async\" src=\"https:\/\/ringospincasino.net\/wp-content\/uploads\/2026\/02\/Ringospin-Android.webp\" alt=\"Ringospin Android\" width=\"1248\" height=\"536\" \/><\/p>\n<\/div><\/div><div style=\"clear: both\"><\/div><div class=\"d-flex justify-content-center\"><button data-item=\"decouvrez_link\" data-group=\"website_links\" class=\"goto fw-bold rounded-pill btn btn-orange\" aria-label=\"Descarga la aplicaci\u00f3n Ringospin\" >Descarga la aplicaci\u00f3n Ringospin<\/button><\/div><div class=\"scrollable-content-wrap my-5\"><div class=\"scrollable-content-inner\"><h2>Aplicaci\u00f3n m\u00f3vil Ringospin para iOS<\/h2>\n<p>La aplicaci\u00f3n Ringospin para iOS est\u00e1 optimizada para usuarios de iPhone y iPad. El software funciona como una aplicaci\u00f3n web a trav\u00e9s del navegador Safari y no requiere descarga desde la App Store. Funciona como un acceso directo con acceso r\u00e1pido a todas las funciones del casino. Este formato admite una carga r\u00e1pida y una experiencia de juego estable. Los jugadores tambi\u00e9n reciben notificaciones sobre todas las actualizaciones de Ringospin. Se a\u00f1ade un icono especial a la pantalla de inicio para acceder r\u00e1pidamente con un solo toque.<\/p>\n<p>C\u00f3mo instalar en iOS:<\/p>\n<ol>\n<li>Abre el sitio web de Ringo Spin con el navegador Safari.<\/li>\n<li>Toca el icono \u00abCompartir\u00bb en la parte inferior de la pantalla.<\/li>\n<li>Seleccione \u00abA\u00f1adir a la pantalla de inicio\u00bb en el men\u00fa.<\/li>\n<li>Confirma pulsando \u00abA\u00f1adir\u00bb.<\/li>\n<li>Inicie la aplicaci\u00f3n Ringospin desde su pantalla de inicio.<\/li>\n<\/ol>\n<p><img loading=\"lazy\" decoding=\"async\" src=\"https:\/\/ringospincasino.net\/wp-content\/uploads\/2026\/02\/Ringospin-iOS.webp\" alt=\"Ringospin iOS\" width=\"1248\" height=\"536\" \/><\/p>\n<\/div><\/div><div style=\"clear: both\"><\/div><div class=\"d-flex justify-content-center\"><button data-item=\"decouvrez_link\" data-group=\"website_links\" class=\"goto fw-bold rounded-pill btn btn-orange\" aria-label=\"Descargar Ringospin\" >Descargar Ringospin<\/button><\/div><div class=\"scrollable-content-wrap my-5\"><div class=\"scrollable-content-inner\"><h2>Aplicaciones para Windows y macOS<\/h2>\n<p>Ringospin Casino ofrece una soluci\u00f3n de escritorio para Windows y macOS. Nuestra plataforma se puede utilizar como una aplicaci\u00f3n web para ordenadores de escritorio sin necesidad de realizar complicadas instalaciones de software adicional. Los jugadores pueden crear un acceso directo para Ringo Spin como una aplicaci\u00f3n independiente. Aqu\u00ed, todas las funciones del casino m\u00f3vil son accesibles con un solo clic.<\/p>\n<p>La aplicaci\u00f3n de escritorio Ringospin se carga r\u00e1pidamente. La interfaz est\u00e1 totalmente optimizada para pantallas grandes con streaming de alta calidad para juegos con crupier en vivo. Los jugadores tienen acceso completo a los juegos, los dep\u00f3sitos, los retiros y el proceso de verificaci\u00f3n. La aplicaci\u00f3n web para PC se instala como un acceso directo de acceso r\u00e1pido a trav\u00e9s de un navegador. Puede ir a la p\u00e1gina de Ringo Spin y crear un acceso directo en la configuraci\u00f3n de su navegador.<\/p>\n<p><img loading=\"lazy\" decoding=\"async\" src=\"https:\/\/ringospincasino.net\/wp-content\/uploads\/2026\/02\/Ringospin-Desktop.webp\" alt=\"Ringospin Desktop\" width=\"1248\" height=\"536\" \/><\/p>\n<\/div><\/div><div style=\"clear: both\"><\/div><div class=\"d-flex justify-content-center\"><button data-item=\"decouvrez_link\" data-group=\"website_links\" class=\"goto fw-bold rounded-pill btn btn-orange\" aria-label=\"Descarga la aplicaci\u00f3n Ringospin\" >Descarga la aplicaci\u00f3n Ringospin<\/button><\/div><div class=\"scrollable-content-wrap my-5\"><div class=\"scrollable-content-inner\"><h2>Preguntas frecuentes<\/h2>\n<h3>\u00bfEs necesario crear una cuenta para utilizar la aplicaci\u00f3n Ringo Spin?<\/h3>\n<p>S\u00ed, es necesario registrarse para utilizar la aplicaci\u00f3n Ringospin. Solo los usuarios autorizados pueden utilizar el casino: jugar, realizar apuestas, participar en torneos. Tras registrarse, los jugadores pueden gestionar sus cuentas, por ejemplo, verificar su identidad y utilizar herramientas de juego responsable. Sin una cuenta, no es posible acceder al casino ni a los juegos.<\/p>\n<h3>\u00bfLa aplicaci\u00f3n Ringo Spin Casino ofrece atenci\u00f3n al cliente?<\/h3>\n<p>S\u00ed, puede ponerse en contacto con el servicio de atenci\u00f3n al cliente multiling\u00fce a trav\u00e9s de la aplicaci\u00f3n Ringospin Casino. Los jugadores pueden ponerse en contacto con el equipo de atenci\u00f3n al cliente a trav\u00e9s del chat en vivo de la aplicaci\u00f3n Ringospin o por correo electr\u00f3nico. La ayuda est\u00e1 disponible las 24 horas del d\u00eda y puede ponerse en contacto con el servicio de atenci\u00f3n al cliente para cualquier pregunta. El servicio de atenci\u00f3n al cliente funciona en varios idiomas.<\/p>\n<h3>\u00bfC\u00f3mo puedo actualizar la aplicaci\u00f3n Ringospin Casino?<\/h3>\n<p>La aplicaci\u00f3n Ringo Spin Casino se actualiza autom\u00e1ticamente. Al ser una aplicaci\u00f3n web progresiva, siempre se ejecuta la \u00faltima versi\u00f3n cuando se inicia. No es necesario descargar manualmente las actualizaciones ni visitar la tienda de aplicaciones. Las \u00faltimas mejoras de seguridad y actualizaciones de la plataforma se aplican en segundo plano cada vez que inicias sesi\u00f3n en la aplicaci\u00f3n Ringospin.<\/p>\n<\/div><\/div><\/p>\n","protected":false},"excerpt":{"rendered":"<p>Plataforma m\u00f3vil Ringo Spin La Ringospin app est\u00e1 disponible para dispositivos Android e iOS. La aplicaci\u00f3n proporciona acceso completo a todos los juegos y funciones. Los jugadores espa\u00f1oles pueden controlar y jugar en tiempo real desde cualquier lugar. Nuestro software ofrece una navegaci\u00f3n c\u00f3moda y una interfaz adaptable a cualquier pantalla. Usar Ringospin en el [&hellip;]<\/p>\n","protected":false},"author":9,"featured_media":0,"parent":0,"menu_order":0,"comment_status":"closed","ping_status":"closed","template":"template-builder.php","meta":{"_acf_changed":false,"inline_featured_image":false,"footnotes":""},"class_list":["post-1422","page","type-page","status-publish","hentry"],"acf":[],"yoast_head":"<!-- This site is optimized with the Yoast SEO plugin v24.4 - https:\/\/yoast.com\/wordpress\/plugins\/seo\/ -->\n<title>Ringospin App | Plataformas iOS y Android<\/title>\n<meta name=\"description\" content=\"La aplicaci\u00f3n Ringospin ofrece una experiencia de juego fluida en casinos para Android, iOS, Windows y macOS, con cuentas sincronizadas, actualizaciones peri\u00f3dicas y asistencia al cliente integrada para una experiencia sin complicaciones.\" \/>\n<meta name=\"robots\" content=\"index, follow, max-snippet:-1, max-image-preview:large, max-video-preview:-1\" \/>\n<link rel=\"canonical\" href=\"https:\/\/ringospincasino.net\/es\/aplicacion\/\" \/>\n<meta property=\"og:locale\" content=\"es_ES\" \/>\n<meta property=\"og:type\" content=\"article\" \/>\n<meta property=\"og:title\" content=\"Ringospin App | Plataformas iOS y Android\" \/>\n<meta property=\"og:description\" content=\"La aplicaci\u00f3n Ringospin ofrece una experiencia de juego fluida en casinos para Android, iOS, Windows y macOS, con cuentas sincronizadas, actualizaciones peri\u00f3dicas y asistencia al cliente integrada para una experiencia sin complicaciones.\" \/>\n<meta property=\"og:url\" content=\"https:\/\/ringospincasino.net\/es\/aplicacion\/\" \/>\n<meta property=\"og:site_name\" content=\"ringospin\" \/>\n<meta property=\"article:modified_time\" content=\"2026-02-03T15:32:52+00:00\" \/>\n<meta name=\"twitter:card\" content=\"summary_large_image\" \/>\n<meta name=\"twitter:label1\" content=\"Est. reading time\" \/>\n\t<meta name=\"twitter:data1\" content=\"1 minuto\" \/>\n<script type=\"application\/ld+json\" class=\"yoast-schema-graph\">{\"@context\":\"https:\/\/schema.org\",\"@graph\":[{\"@type\":\"WebPage\",\"@id\":\"https:\/\/ringospincasino.net\/es\/aplicacion\/\",\"url\":\"https:\/\/ringospincasino.net\/es\/aplicacion\/\",\"name\":\"Ringospin App | Plataformas iOS y Android\",\"isPartOf\":{\"@id\":\"https:\/\/ringospincasino.net\/es\/#website\"},\"datePublished\":\"2026-02-03T12:52:27+00:00\",\"dateModified\":\"2026-02-03T15:32:52+00:00\",\"description\":\"La aplicaci\u00f3n Ringospin ofrece una experiencia de juego fluida en casinos para Android, iOS, Windows y macOS, con cuentas sincronizadas, actualizaciones peri\u00f3dicas y asistencia al cliente integrada para una experiencia sin complicaciones.\",\"breadcrumb\":{\"@id\":\"https:\/\/ringospincasino.net\/es\/aplicacion\/#breadcrumb\"},\"inLanguage\":\"es\",\"potentialAction\":[{\"@type\":\"ReadAction\",\"target\":[\"https:\/\/ringospincasino.net\/es\/aplicacion\/\"]}]},{\"@type\":\"BreadcrumbList\",\"@id\":\"https:\/\/ringospincasino.net\/es\/aplicacion\/#breadcrumb\",\"itemListElement\":[{\"@type\":\"ListItem\",\"position\":1,\"name\":\"Ringospin\",\"item\":\"https:\/\/ringospincasino.net\/es\/\"},{\"@type\":\"ListItem\",\"position\":2,\"name\":\"Aplicaci\u00f3n\"}]},{\"@type\":\"WebSite\",\"@id\":\"https:\/\/ringospincasino.net\/es\/#website\",\"url\":\"https:\/\/ringospincasino.net\/es\/\",\"name\":\"Ringospin\",\"description\":\"\",\"publisher\":{\"@id\":\"https:\/\/ringospincasino.net\/es\/#organization\"},\"potentialAction\":[{\"@type\":\"SearchAction\",\"target\":{\"@type\":\"EntryPoint\",\"urlTemplate\":\"https:\/\/ringospincasino.net\/es\/?s={search_term_string}\"},\"query-input\":{\"@type\":\"PropertyValueSpecification\",\"valueRequired\":true,\"valueName\":\"search_term_string\"}}],\"inLanguage\":\"es\"},{\"@type\":\"Organization\",\"@id\":\"https:\/\/ringospincasino.net\/es\/#organization\",\"name\":\"Ringospin\",\"url\":\"https:\/\/ringospincasino.net\/es\/\",\"logo\":{\"@type\":\"ImageObject\",\"inLanguage\":\"es\",\"@id\":\"https:\/\/ringospincasino.net\/es\/#\/schema\/logo\/image\/\",\"url\":\"https:\/\/ringospincasino.net\/wp-content\/uploads\/2026\/02\/logo-ringospin.png\",\"contentUrl\":\"https:\/\/ringospincasino.net\/wp-content\/uploads\/2026\/02\/logo-ringospin.png\",\"width\":278,\"height\":68,\"caption\":\"Ringospin\"},\"image\":{\"@id\":\"https:\/\/ringospincasino.net\/es\/#\/schema\/logo\/image\/\"}}]}<\/script>\n<!-- \/ Yoast SEO plugin. -->","yoast_head_json":{"title":"Ringospin App | Plataformas iOS y Android","description":"La aplicaci\u00f3n Ringospin ofrece una experiencia de juego fluida en casinos para Android, iOS, Windows y macOS, con cuentas sincronizadas, actualizaciones peri\u00f3dicas y asistencia al cliente integrada para una experiencia sin complicaciones.","robots":{"index":"index","follow":"follow","max-snippet":"max-snippet:-1","max-image-preview":"max-image-preview:large","max-video-preview":"max-video-preview:-1"},"canonical":"https:\/\/ringospincasino.net\/es\/aplicacion\/","og_locale":"es_ES","og_type":"article","og_title":"Ringospin App | Plataformas iOS y Android","og_description":"La aplicaci\u00f3n Ringospin ofrece una experiencia de juego fluida en casinos para Android, iOS, Windows y macOS, con cuentas sincronizadas, actualizaciones peri\u00f3dicas y asistencia al cliente integrada para una experiencia sin complicaciones.","og_url":"https:\/\/ringospincasino.net\/es\/aplicacion\/","og_site_name":"ringospin","article_modified_time":"2026-02-03T15:32:52+00:00","twitter_card":"summary_large_image","twitter_misc":{"Est. reading time":"1 minuto"},"schema":{"@context":"https:\/\/schema.org","@graph":[{"@type":"WebPage","@id":"https:\/\/ringospincasino.net\/es\/aplicacion\/","url":"https:\/\/ringospincasino.net\/es\/aplicacion\/","name":"Ringospin App | Plataformas iOS y Android","isPartOf":{"@id":"https:\/\/ringospincasino.net\/es\/#website"},"datePublished":"2026-02-03T12:52:27+00:00","dateModified":"2026-02-03T15:32:52+00:00","description":"La aplicaci\u00f3n Ringospin ofrece una experiencia de juego fluida en casinos para Android, iOS, Windows y macOS, con cuentas sincronizadas, actualizaciones peri\u00f3dicas y asistencia al cliente integrada para una experiencia sin complicaciones.","breadcrumb":{"@id":"https:\/\/ringospincasino.net\/es\/aplicacion\/#breadcrumb"},"inLanguage":"es","potentialAction":[{"@type":"ReadAction","target":["https:\/\/ringospincasino.net\/es\/aplicacion\/"]}]},{"@type":"BreadcrumbList","@id":"https:\/\/ringospincasino.net\/es\/aplicacion\/#breadcrumb","itemListElement":[{"@type":"ListItem","position":1,"name":"Ringospin","item":"https:\/\/ringospincasino.net\/es\/"},{"@type":"ListItem","position":2,"name":"Aplicaci\u00f3n"}]},{"@type":"WebSite","@id":"https:\/\/ringospincasino.net\/es\/#website","url":"https:\/\/ringospincasino.net\/es\/","name":"Ringospin","description":"","publisher":{"@id":"https:\/\/ringospincasino.net\/es\/#organization"},"potentialAction":[{"@type":"SearchAction","target":{"@type":"EntryPoint","urlTemplate":"https:\/\/ringospincasino.net\/es\/?s={search_term_string}"},"query-input":{"@type":"PropertyValueSpecification","valueRequired":true,"valueName":"search_term_string"}}],"inLanguage":"es"},{"@type":"Organization","@id":"https:\/\/ringospincasino.net\/es\/#organization","name":"Ringospin","url":"https:\/\/ringospincasino.net\/es\/","logo":{"@type":"ImageObject","inLanguage":"es","@id":"https:\/\/ringospincasino.net\/es\/#\/schema\/logo\/image\/","url":"https:\/\/ringospincasino.net\/wp-content\/uploads\/2026\/02\/logo-ringospin.png","contentUrl":"https:\/\/ringospincasino.net\/wp-content\/uploads\/2026\/02\/logo-ringospin.png","width":278,"height":68,"caption":"Ringospin"},"image":{"@id":"https:\/\/ringospincasino.net\/es\/#\/schema\/logo\/image\/"}}]}},"_links":{"self":[{"href":"https:\/\/ringospincasino.net\/es\/wp-json\/wp\/v2\/pages\/1422"}],"collection":[{"href":"https:\/\/ringospincasino.net\/es\/wp-json\/wp\/v2\/pages"}],"about":[{"href":"https:\/\/ringospincasino.net\/es\/wp-json\/wp\/v2\/types\/page"}],"author":[{"embeddable":true,"href":"https:\/\/ringospincasino.net\/es\/wp-json\/wp\/v2\/users\/9"}],"replies":[{"embeddable":true,"href":"https:\/\/ringospincasino.net\/es\/wp-json\/wp\/v2\/comments?post=1422"}],"version-history":[{"count":2,"href":"https:\/\/ringospincasino.net\/es\/wp-json\/wp\/v2\/pages\/1422\/revisions"}],"predecessor-version":[{"id":1780,"href":"https:\/\/ringospincasino.net\/es\/wp-json\/wp\/v2\/pages\/1422\/revisions\/1780"}],"wp:attachment":[{"href":"https:\/\/ringospincasino.net\/es\/wp-json\/wp\/v2\/media?parent=1422"}],"curies":[{"name":"wp","href":"https:\/\/api.w.org\/{rel}","templated":true}]}}