{"id":1415,"date":"2026-02-03T12:52:27","date_gmt":"2026-02-03T12:52:27","guid":{"rendered":"https:\/\/ringospincasino.net\/app-2\/"},"modified":"2026-02-03T14:28:48","modified_gmt":"2026-02-03T14:28:48","slug":"app","status":"publish","type":"page","link":"https:\/\/ringospincasino.net\/de\/app\/","title":{"rendered":"App"},"content":{"rendered":"<h1>Ringo Spin Mobile-Plattform<\/h1>\n<p>Die Ringospin App ist f\u00fcr Android- und iOS-Ger\u00e4te verf\u00fcgbar. Die App bietet vollen Zugriff auf alle Spiele und Funktionen. Spieler k\u00f6nnen unterwegs in Echtzeit steuern und spielen. Unsere Software bietet eine bequeme Navigation und eine adaptive Benutzeroberfl\u00e4che auf jedem Bildschirm.<\/p>\n<div class=\"banner-wrap\" aria-label=\"Banner\"><img src=\"https:\/\/ringospincasino.net\/wp-content\/uploads\/2026\/02\/Ringospin-banner-carousel-932\u0445400-4.webp\" class=\"w-100 d-none d-lg-block img-pc main-banner-img\" alt=\"Ringospin banner desktop\" fetchpriority=\"high\" decoding=\"async\"><img src=\"https:\/\/ringospincasino.net\/wp-content\/uploads\/2026\/02\/Mobile-banner.webp\" class=\"w-100 d-none d-md-block d-lg-none main-banner-img\" alt=\"Ringospin mobile banner\" fetchpriority=\"high\" decoding=\"async\"><img src=\"https:\/\/ringospincasino.net\/wp-content\/uploads\/2026\/02\/Mobile-banner.webp\" class=\"w-100 d-md-none\" alt=\"Ringospin mobile banner\" fetchpriority=\"high\" decoding=\"async\"><div class=\"banner-description\">\n<div class=\"banner-title\">Willkommensboni<\/div>\n<p class=\"banner-header-title\">1500 \u20ac<\/p>\n<div class=\"banner-header-AdditionalText\">+ 250 Freispiele<\/div>\n<button data-item=\"homepage_banner_link\" class=\"goto m-button m-gradient-border m-button--primary m-button--large banner-button btn-orange\">\n            <div class=\"m-button-content\">\n                <span>Jetzt anmelden<\/span>\n                <span><\/span>\n            <\/div>\n        <\/button>\n<\/div>\n<div class=\"WelcomePack\">\n<p><img loading=\"lazy\" decoding=\"async\" class=\"alignnone size-full wp-image-1335\" src=\"https:\/\/ringospincasino.net\/wp-content\/uploads\/2026\/02\/welcome-crown.png\" alt=\"welcome crown\" width=\"25\" height=\"26\" \/><\/p>\n<div class=\"WelcomePack-Info\">W\u00f6chentlicher Cashback von bis zu 25 %<\/div>\n<p><img loading=\"lazy\" decoding=\"async\" class=\"alignnone size-full wp-image-1335\" src=\"https:\/\/ringospincasino.net\/wp-content\/uploads\/2026\/02\/welcome-crown.png\" alt=\"welcome crown\" width=\"25\" height=\"26\" \/><\/p>\n<\/div>\n<\/div>\n<h2>Verwendung von Ringospin auf Mobilger\u00e4ten<\/h2>\n<p>Die Ringospin-App bietet die volle Funktionalit\u00e4t der Plattform in einem mobilen Format. Sie ist f\u00fcr schnellen Zugriff und Steuerung von \u00fcberall aus konzipiert. Die PC-Version profitiert von einem gr\u00f6\u00dferen Bildschirm, w\u00e4hrend die mobile App auf Geschwindigkeit und Touch-Interaktion ausgerichtet ist. Beide Versionen bieten sicheren Zugriff auf Online-Slots und alle Spiele.<\/p>\n<table>\n<tbody>\n<tr>\n<td>Funktion<\/td>\n<td>Ringospin Mobile App<\/td>\n<td>PC-Version<\/td>\n<\/tr>\n<tr>\n<td>Zugriffsmethode<\/td>\n<td>App-Zugriff von jedem Ger\u00e4t aus<\/td>\n<td>Browserbasierter Zugriff<\/td>\n<\/tr>\n<tr>\n<td>Spielstil<\/td>\n<td>Optimiert f\u00fcr Touch-Steuerung<\/td>\n<td>Optimiert f\u00fcr Maus und Tastatur<\/td>\n<\/tr>\n<tr>\n<td>Sitzungsstart<\/td>\n<td>Sofortiger Start<\/td>\n<td>Erfordert das Laden des Browsers<\/td>\n<\/tr>\n<tr>\n<td>Benachrichtigungen<\/td>\n<td>In-App- und Push-Benachrichtigungen<\/td>\n<td>Nur Benachrichtigungen vor Ort<\/td>\n<\/tr>\n<tr>\n<td>Portabilit\u00e4t<\/td>\n<td>Von jedem Ort aus abspielbar<\/td>\n<td>An den Desktop gebunden<\/td>\n<\/tr>\n<tr>\n<td>Verf\u00fcgbarkeit von Funktionen<\/td>\n<td>Voller Plattformzugriff<\/td>\n<td>Vollst\u00e4ndiger Plattformzugriff<\/td>\n<\/tr>\n<\/tbody>\n<\/table>\n<p><div class=\"scrollable-content-wrap my-5\"><div class=\"scrollable-content-inner\"><h2>Ringospin Android Mobile App<\/h2>\n<p>Die Ringospin-App f\u00fcr Android bietet schnellen Zugriff auf alle Casino-Funktionen von Ihrem Ger\u00e4t aus. Die Software unterst\u00fctzt alle Arten von Spielen aus unserer Bibliothek, Zahlungen, Kontoverwaltung und vieles mehr. Sie wurde f\u00fcr eine bequemere Nutzung auf allen Android-Smartphones und -Tablets entwickelt. Spieler erhalten Systembenachrichtigungen \u00fcber alle Updates. Sie k\u00f6nnen beispielsweise Updates zu Turnieren, Werbeaktionen und Plattform-Updates erhalten.<\/p>\n<h3>PWA<\/h3>\n<p>Unsere Ringospin-App ist als progressive Webanwendung (PWA) konzipiert. Das PWA-Format erm\u00f6glicht es Ihnen, die Software sofort und ohne komplizierte Dateien zu installieren. Sie l\u00e4uft als Webanwendung in Ihrem Browser und wird automatisch aktualisiert. Dadurch ist die Ringospin-App bequem und einfach im t\u00e4glichen Gebrauch.<\/p>\n<h3>APK<\/h3>\n<p>Es ist kein Download der Ringospin-APK erforderlich. Spieler m\u00fcssen nicht in einen App-Store gehen. Die Installation von unserer Website aus ist einfach und schnell.<\/p>\n<p>So installieren Sie die App auf Android:<\/p>\n<ol>\n<li>Scrollen Sie auf der Ringospin Casino-Website zum Ende der Hauptseite.<\/li>\n<li>Tippen Sie auf die Schaltfl\u00e4che \u201eCasino-App\u201d.<\/li>\n<li>W\u00e4hlen Sie \u201eInstallieren\u201d und starten Sie die Ringospin-App dann \u00fcber Ihren Startbildschirm.<\/li>\n<\/ol>\n<p><img loading=\"lazy\" decoding=\"async\" src=\"https:\/\/ringospincasino.net\/wp-content\/uploads\/2026\/02\/Ringospin-Android.webp\" alt=\"Ringospin Android\" width=\"1248\" height=\"536\" \/><\/p>\n<\/div><\/div><div style=\"clear: both\"><\/div><div class=\"d-flex justify-content-center\"><button data-item=\"decouvrez_link\" data-group=\"website_links\" class=\"goto fw-bold rounded-pill btn btn-orange\" aria-label=\"Laden Sie die Ringospin-App herunter\" >Laden Sie die Ringospin-App herunter<\/button><\/div><div class=\"scrollable-content-wrap my-5\"><div class=\"scrollable-content-inner\"><h2>Ringospin iOS Mobile App<\/h2>\n<p>Die Ringospin-App f\u00fcr iOS ist f\u00fcr iPhone- und iPad-Nutzer optimiert. Die Software funktioniert als Web-App \u00fcber den Safari-Browser und muss nicht aus dem App Store heruntergeladen werden. Sie dient als Verkn\u00fcpfung mit schnellem Zugriff auf alle Casino-Funktionen. Dieses Format unterst\u00fctzt schnelles Laden und ein stabiles Spielerlebnis. Spieler erhalten au\u00dferdem Benachrichtigungen \u00fcber alle Ringospin-Updates. Ein spezielles Symbol wird zum Startbildschirm hinzugef\u00fcgt, um mit einem einzigen Fingertipp schnellen Zugriff zu erm\u00f6glichen.<\/p>\n<p>So installieren Sie die App auf iOS:<\/p>\n<ol>\n<li>\u00d6ffnen Sie die Ringo Spin-Website mit dem Safari-Browser.<\/li>\n<li>Tippen Sie auf das Symbol \u201eTeilen\u201c am unteren Bildschirmrand.<\/li>\n<li>W\u00e4hlen Sie \u201eZum Startbildschirm hinzuf\u00fcgen\u201d aus dem Men\u00fc.<\/li>\n<li>Best\u00e4tigen Sie durch Tippen auf \u201eHinzuf\u00fcgen\u201d.<\/li>\n<li>Starten Sie die Ringospin-App \u00fcber Ihren Startbildschirm.<\/li>\n<\/ol>\n<p><img loading=\"lazy\" decoding=\"async\" src=\"https:\/\/ringospincasino.net\/wp-content\/uploads\/2026\/02\/Ringospin-iOS.webp\" alt=\"Ringospin iOS\" width=\"1248\" height=\"536\" \/><\/p>\n<\/div><\/div><div style=\"clear: both\"><\/div><div class=\"d-flex justify-content-center\"><button data-item=\"decouvrez_link\" data-group=\"website_links\" class=\"goto fw-bold rounded-pill btn btn-orange\" aria-label=\"Ringospin herunterladen\" >Ringospin herunterladen<\/button><\/div><div class=\"scrollable-content-wrap my-5\"><div class=\"scrollable-content-inner\"><h2>Windows- und macOS-Anwendungen<\/h2>\n<p>Ringospin Casino bietet eine Desktop-L\u00f6sung f\u00fcr Windows und macOS. Unsere Plattform kann als Webanwendung f\u00fcr Desktop-Computer verwendet werden, ohne dass eine komplizierte Installation zus\u00e4tzlicher Software erforderlich ist. Spieler k\u00f6nnen eine Verkn\u00fcpfung f\u00fcr Ringo Spin als separate Anwendung erstellen. Hier sind alle Funktionen des mobilen Casinos mit einem einzigen Klick zug\u00e4nglich.<\/p>\n<p>Die Desktop-App von Ringospin bietet schnelles Laden. Die Benutzeroberfl\u00e4che ist vollst\u00e4ndig f\u00fcr gro\u00dfe Bildschirme optimiert und bietet hochwertiges Streaming f\u00fcr Live-Dealer-Spiele. Spieler haben vollen Zugriff auf Spiele, Einzahlungen, Auszahlungen und den Verifizierungsprozess. Die Webanwendung f\u00fcr PCs wird als Schnellzugriff-Verkn\u00fcpfung \u00fcber einen Browser installiert. Sie k\u00f6nnen die Ringo Spin-Seite aufrufen und in Ihren Browsereinstellungen eine Verkn\u00fcpfung erstellen.<\/p>\n<p><img loading=\"lazy\" decoding=\"async\" src=\"https:\/\/ringospincasino.net\/wp-content\/uploads\/2026\/02\/Ringospin-Desktop.webp\" alt=\"Ringospin Desktop\" width=\"1248\" height=\"536\" \/><\/p>\n<\/div><\/div><div style=\"clear: both\"><\/div><div class=\"d-flex justify-content-center\"><button data-item=\"decouvrez_link\" data-group=\"website_links\" class=\"goto fw-bold rounded-pill btn btn-orange\" aria-label=\"Laden Sie die Ringospin-App herunter\" >Laden Sie die Ringospin-App herunter<\/button><\/div><div class=\"scrollable-content-wrap my-5\"><div class=\"scrollable-content-inner\"><h2>FAQ<\/h2>\n<h3>Ist die Erstellung eines Kontos erforderlich, um die Ringo Spin-App zu nutzen?<\/h3>\n<p>Ja, f\u00fcr die Nutzung der Ringospin-App ist eine Registrierung erforderlich. Nur autorisierte Benutzer k\u00f6nnen das Casino nutzen: Spiele spielen, Wetten platzieren, an Turnieren teilnehmen. Nach der Registrierung k\u00f6nnen Spieler ihre Konten verwalten, beispielsweise ihre Identit\u00e4t \u00fcberpr\u00fcfen und Tools f\u00fcr verantwortungsbewusstes Spielen nutzen. Ohne Konto ist der Zugriff auf das Casino und die Spiele nicht m\u00f6glich.<\/p>\n<h3>Bietet die Ringo Spin Casino App Kundensupport?<\/h3>\n<p>Ja, Sie k\u00f6nnen \u00fcber die Ringospin Casino App einen mehrsprachigen Support kontaktieren. Spieler k\u00f6nnen das Support-Team \u00fcber den Live-Chat der Ringospin App oder per E-Mail kontaktieren. Der Support ist rund um die Uhr verf\u00fcgbar und Sie k\u00f6nnen sich mit allen Fragen an ihn wenden. Der Support-Service ist in mehreren Sprachen verf\u00fcgbar.<\/p>\n<h3>Wie kann ich die Ringospin Casino App aktualisieren?<\/h3>\n<p>Die Ringo Spin Casino App wird automatisch aktualisiert. Als progressive Web-App l\u00e4uft sie beim Start immer in der neuesten Version. Es ist nicht notwendig, Updates manuell herunterzuladen oder den App Store zu besuchen. Die neuesten Sicherheitsverbesserungen und Plattform-Updates werden jedes Mal, wenn Sie sich bei der Ringospin App anmelden, im Hintergrund installiert.<\/p>\n<\/div><\/div><\/p>\n","protected":false},"excerpt":{"rendered":"<p>Ringo Spin Mobile-Plattform Die Ringospin App ist f\u00fcr Android- und iOS-Ger\u00e4te verf\u00fcgbar. Die App bietet vollen Zugriff auf alle Spiele und Funktionen. Spieler k\u00f6nnen unterwegs in Echtzeit steuern und spielen. Unsere Software bietet eine bequeme Navigation und eine adaptive Benutzeroberfl\u00e4che auf jedem Bildschirm. Verwendung von Ringospin auf Mobilger\u00e4ten Die Ringospin-App bietet die volle Funktionalit\u00e4t der [&hellip;]<\/p>\n","protected":false},"author":9,"featured_media":0,"parent":0,"menu_order":0,"comment_status":"closed","ping_status":"closed","template":"template-builder.php","meta":{"_acf_changed":false,"inline_featured_image":false,"footnotes":""},"class_list":["post-1415","page","type-page","status-publish","hentry"],"acf":[],"yoast_head":"<!-- This site is optimized with the Yoast SEO plugin v27.3 - https:\/\/yoast.com\/product\/yoast-seo-wordpress\/ -->\n<title>Ringospin App | iOS- und Android-Plattformen<\/title>\n<meta name=\"description\" content=\"Die Ringospin-App bietet reibungsloses Casino-Gaming auf Android, iOS, Windows und macOS mit synchronisierten Konten, regelm\u00e4\u00dfigen Updates und integriertem Kundensupport f\u00fcr ein stressfreies Erlebnis.\" \/>\n<meta name=\"robots\" content=\"index, follow, max-snippet:-1, max-image-preview:large, max-video-preview:-1\" \/>\n<link rel=\"canonical\" href=\"https:\/\/ringospincasino.net\/de\/app\/\" \/>\n<meta property=\"og:locale\" content=\"de_DE\" \/>\n<meta property=\"og:type\" content=\"article\" \/>\n<meta property=\"og:title\" content=\"Ringospin App | iOS- und Android-Plattformen\" \/>\n<meta property=\"og:description\" content=\"Die Ringospin-App bietet reibungsloses Casino-Gaming auf Android, iOS, Windows und macOS mit synchronisierten Konten, regelm\u00e4\u00dfigen Updates und integriertem Kundensupport f\u00fcr ein stressfreies Erlebnis.\" \/>\n<meta property=\"og:url\" content=\"https:\/\/ringospincasino.net\/de\/app\/\" \/>\n<meta property=\"og:site_name\" content=\"ringospin\" \/>\n<meta property=\"article:modified_time\" content=\"2026-02-03T14:28:48+00:00\" \/>\n<meta name=\"twitter:card\" content=\"summary_large_image\" \/>\n<meta name=\"twitter:label1\" content=\"Gesch\u00e4tzte Lesezeit\" \/>\n\t<meta name=\"twitter:data1\" content=\"1\u00a0Minute\" \/>\n<script type=\"application\/ld+json\" class=\"yoast-schema-graph\">{\"@context\":\"https:\\\/\\\/schema.org\",\"@graph\":[{\"@type\":\"WebPage\",\"@id\":\"https:\\\/\\\/ringospincasino.net\\\/de\\\/app\\\/\",\"url\":\"https:\\\/\\\/ringospincasino.net\\\/de\\\/app\\\/\",\"name\":\"Ringospin App | iOS- und Android-Plattformen\",\"isPartOf\":{\"@id\":\"https:\\\/\\\/ringospincasino.net\\\/de\\\/#website\"},\"datePublished\":\"2026-02-03T12:52:27+00:00\",\"dateModified\":\"2026-02-03T14:28:48+00:00\",\"description\":\"Die Ringospin-App bietet reibungsloses Casino-Gaming auf Android, iOS, Windows und macOS mit synchronisierten Konten, regelm\u00e4\u00dfigen Updates und integriertem Kundensupport f\u00fcr ein stressfreies Erlebnis.\",\"breadcrumb\":{\"@id\":\"https:\\\/\\\/ringospincasino.net\\\/de\\\/app\\\/#breadcrumb\"},\"inLanguage\":\"de\",\"potentialAction\":[{\"@type\":\"ReadAction\",\"target\":[\"https:\\\/\\\/ringospincasino.net\\\/de\\\/app\\\/\"]}]},{\"@type\":\"BreadcrumbList\",\"@id\":\"https:\\\/\\\/ringospincasino.net\\\/de\\\/app\\\/#breadcrumb\",\"itemListElement\":[{\"@type\":\"ListItem\",\"position\":1,\"name\":\"Ringospin\",\"item\":\"https:\\\/\\\/ringospincasino.net\\\/de\\\/\"},{\"@type\":\"ListItem\",\"position\":2,\"name\":\"App\"}]},{\"@type\":\"WebSite\",\"@id\":\"https:\\\/\\\/ringospincasino.net\\\/de\\\/#website\",\"url\":\"https:\\\/\\\/ringospincasino.net\\\/de\\\/\",\"name\":\"Ringospin\",\"description\":\"\",\"publisher\":{\"@id\":\"https:\\\/\\\/ringospincasino.net\\\/de\\\/#organization\"},\"potentialAction\":[{\"@type\":\"SearchAction\",\"target\":{\"@type\":\"EntryPoint\",\"urlTemplate\":\"https:\\\/\\\/ringospincasino.net\\\/de\\\/?s={search_term_string}\"},\"query-input\":{\"@type\":\"PropertyValueSpecification\",\"valueRequired\":true,\"valueName\":\"search_term_string\"}}],\"inLanguage\":\"de\"},{\"@type\":\"Organization\",\"@id\":\"https:\\\/\\\/ringospincasino.net\\\/de\\\/#organization\",\"name\":\"Ringospin\",\"url\":\"https:\\\/\\\/ringospincasino.net\\\/de\\\/\",\"logo\":{\"@type\":\"ImageObject\",\"inLanguage\":\"de\",\"@id\":\"https:\\\/\\\/ringospincasino.net\\\/de\\\/#\\\/schema\\\/logo\\\/image\\\/\",\"url\":\"https:\\\/\\\/ringospincasino.net\\\/wp-content\\\/uploads\\\/2026\\\/02\\\/logo-ringospin.png\",\"contentUrl\":\"https:\\\/\\\/ringospincasino.net\\\/wp-content\\\/uploads\\\/2026\\\/02\\\/logo-ringospin.png\",\"width\":278,\"height\":68,\"caption\":\"Ringospin\"},\"image\":{\"@id\":\"https:\\\/\\\/ringospincasino.net\\\/de\\\/#\\\/schema\\\/logo\\\/image\\\/\"}}]}<\/script>\n<!-- \/ Yoast SEO plugin. -->","yoast_head_json":{"title":"Ringospin App | iOS- und Android-Plattformen","description":"Die Ringospin-App bietet reibungsloses Casino-Gaming auf Android, iOS, Windows und macOS mit synchronisierten Konten, regelm\u00e4\u00dfigen Updates und integriertem Kundensupport f\u00fcr ein stressfreies Erlebnis.","robots":{"index":"index","follow":"follow","max-snippet":"max-snippet:-1","max-image-preview":"max-image-preview:large","max-video-preview":"max-video-preview:-1"},"canonical":"https:\/\/ringospincasino.net\/de\/app\/","og_locale":"de_DE","og_type":"article","og_title":"Ringospin App | iOS- und Android-Plattformen","og_description":"Die Ringospin-App bietet reibungsloses Casino-Gaming auf Android, iOS, Windows und macOS mit synchronisierten Konten, regelm\u00e4\u00dfigen Updates und integriertem Kundensupport f\u00fcr ein stressfreies Erlebnis.","og_url":"https:\/\/ringospincasino.net\/de\/app\/","og_site_name":"ringospin","article_modified_time":"2026-02-03T14:28:48+00:00","twitter_card":"summary_large_image","twitter_misc":{"Gesch\u00e4tzte Lesezeit":"1\u00a0Minute"},"schema":{"@context":"https:\/\/schema.org","@graph":[{"@type":"WebPage","@id":"https:\/\/ringospincasino.net\/de\/app\/","url":"https:\/\/ringospincasino.net\/de\/app\/","name":"Ringospin App | iOS- und Android-Plattformen","isPartOf":{"@id":"https:\/\/ringospincasino.net\/de\/#website"},"datePublished":"2026-02-03T12:52:27+00:00","dateModified":"2026-02-03T14:28:48+00:00","description":"Die Ringospin-App bietet reibungsloses Casino-Gaming auf Android, iOS, Windows und macOS mit synchronisierten Konten, regelm\u00e4\u00dfigen Updates und integriertem Kundensupport f\u00fcr ein stressfreies Erlebnis.","breadcrumb":{"@id":"https:\/\/ringospincasino.net\/de\/app\/#breadcrumb"},"inLanguage":"de","potentialAction":[{"@type":"ReadAction","target":["https:\/\/ringospincasino.net\/de\/app\/"]}]},{"@type":"BreadcrumbList","@id":"https:\/\/ringospincasino.net\/de\/app\/#breadcrumb","itemListElement":[{"@type":"ListItem","position":1,"name":"Ringospin","item":"https:\/\/ringospincasino.net\/de\/"},{"@type":"ListItem","position":2,"name":"App"}]},{"@type":"WebSite","@id":"https:\/\/ringospincasino.net\/de\/#website","url":"https:\/\/ringospincasino.net\/de\/","name":"Ringospin","description":"","publisher":{"@id":"https:\/\/ringospincasino.net\/de\/#organization"},"potentialAction":[{"@type":"SearchAction","target":{"@type":"EntryPoint","urlTemplate":"https:\/\/ringospincasino.net\/de\/?s={search_term_string}"},"query-input":{"@type":"PropertyValueSpecification","valueRequired":true,"valueName":"search_term_string"}}],"inLanguage":"de"},{"@type":"Organization","@id":"https:\/\/ringospincasino.net\/de\/#organization","name":"Ringospin","url":"https:\/\/ringospincasino.net\/de\/","logo":{"@type":"ImageObject","inLanguage":"de","@id":"https:\/\/ringospincasino.net\/de\/#\/schema\/logo\/image\/","url":"https:\/\/ringospincasino.net\/wp-content\/uploads\/2026\/02\/logo-ringospin.png","contentUrl":"https:\/\/ringospincasino.net\/wp-content\/uploads\/2026\/02\/logo-ringospin.png","width":278,"height":68,"caption":"Ringospin"},"image":{"@id":"https:\/\/ringospincasino.net\/de\/#\/schema\/logo\/image\/"}}]}},"_links":{"self":[{"href":"https:\/\/ringospincasino.net\/de\/wp-json\/wp\/v2\/pages\/1415","targetHints":{"allow":["GET"]}}],"collection":[{"href":"https:\/\/ringospincasino.net\/de\/wp-json\/wp\/v2\/pages"}],"about":[{"href":"https:\/\/ringospincasino.net\/de\/wp-json\/wp\/v2\/types\/page"}],"author":[{"embeddable":true,"href":"https:\/\/ringospincasino.net\/de\/wp-json\/wp\/v2\/users\/9"}],"replies":[{"embeddable":true,"href":"https:\/\/ringospincasino.net\/de\/wp-json\/wp\/v2\/comments?post=1415"}],"version-history":[{"count":2,"href":"https:\/\/ringospincasino.net\/de\/wp-json\/wp\/v2\/pages\/1415\/revisions"}],"predecessor-version":[{"id":1605,"href":"https:\/\/ringospincasino.net\/de\/wp-json\/wp\/v2\/pages\/1415\/revisions\/1605"}],"wp:attachment":[{"href":"https:\/\/ringospincasino.net\/de\/wp-json\/wp\/v2\/media?parent=1415"}],"curies":[{"name":"wp","href":"https:\/\/api.w.org\/{rel}","templated":true}]}}